{"id":3,"date":"2024-04-22T20:32:52","date_gmt":"2024-04-22T19:32:52","guid":{"rendered":"http:\/\/maius.si\/de\/?page_id=3"},"modified":"2024-06-01T12:51:20","modified_gmt":"2024-06-01T11:51:20","slug":"pravilnik-o-zasebnosti","status":"publish","type":"page","link":"https:\/\/maius.si\/de\/pravilnik-o-zasebnosti\/","title":{"rendered":"Politika zasebnosti"},"content":{"rendered":"<section data-bb-version=\"4.9.1\" id=\"bt_bb_section69e1bc821c283\" class=\"bt_bb_section bt_bb_color_scheme_10 bt_bb_layout_boxed_1200 bt_bb_vertical_align_top bt_bb_top_spacing_large bt_bb_bottom_spacing_medium\" style=\"; --section-primary-color:#ffffff; --section-secondary-color:#1a243f;;background-color:#0f1625;\" data-bt-override-class=\"{&quot;bt_bb_top_spacing_&quot;:{&quot;current_class&quot;:&quot;bt_bb_top_spacing_large&quot;,&quot;xxl&quot;:&quot;large&quot;},&quot;bt_bb_bottom_spacing_&quot;:{&quot;current_class&quot;:&quot;bt_bb_bottom_spacing_medium&quot;,&quot;xxl&quot;:&quot;medium&quot;}}\"><div class=\"bt_bb_port\"><div class=\"bt_bb_cell\"><div class=\"bt_bb_cell_inner\"><div class=\"bt_bb_row \"  data-bt-override-class=\"{}\"><div class=\"bt_bb_row_holder\" ><div  class=\"bt_bb_column col-xl-3 bt_bb_align_left bt_bb_padding_normal\"  data-width=\"3\" data-bt-override-class=\"{}\"><div class=\"bt_bb_column_content bt_bb_vertical_align_top bt_bb_color_scheme_\"><div class=\"bt_bb_column_content_inner\"><\/div><\/div><\/div><div  class=\"bt_bb_column col-xl-6 bt_bb_align_center bt_bb_padding_50 bt_bb_animation_fade_in animate\"  data-width=\"6\" data-bt-override-class=\"{}\"><div class=\"bt_bb_column_content bt_bb_vertical_align_middle bt_bb_color_scheme_\"><div class=\"bt_bb_column_content_inner\"><div class=\"bt_bb_separator bt_bb_border_style_none bt_bb_bottom_spacing_medium bt_bb_hidden_xs bt_bb_hidden_ms bt_bb_hidden_sm\" data-bt-override-class=\"null\"><\/div><header data-bb-version=\"4.9.1\" class=\"bt_bb_headline bt_bb_subheadline_text_transform_default bt_bb_color_scheme_6 bt_bb_dash_none bt_bb_size_extralarge bt_bb_align_inherit\" style=\"; --primary-color:#ffffff; --secondary-color:#B07C4B;\" data-bt-override-class=\"{&quot;bt_bb_size_&quot;:{&quot;current_class&quot;:&quot;bt_bb_size_extralarge&quot;,&quot;xxl&quot;:&quot;extralarge&quot;},&quot;bt_bb_align_&quot;:{&quot;current_class&quot;:&quot;bt_bb_align_inherit&quot;,&quot;xxl&quot;:&quot;inherit&quot;}}\"><h2 class=\"bt_bb_headline_tag\"><span class=\"bt_bb_headline_content\"><span>Politika zasebnosti<\/span><\/span><\/h2><\/header><div data-bb-version=\"4.9.1\" class=\"bt_bb_separator bt_bb_border_style_none bt_bb_top_spacing_none bt_bb_bottom_spacing_small bt_bb_hidden_xs bt_bb_hidden_ms bt_bb_hidden_sm\" data-bt-override-class=\"{&quot;bt_bb_top_spacing_&quot;:{&quot;current_class&quot;:&quot;bt_bb_top_spacing_none&quot;,&quot;xxl&quot;:&quot;none&quot;},&quot;bt_bb_bottom_spacing_&quot;:{&quot;current_class&quot;:&quot;bt_bb_bottom_spacing_small&quot;,&quot;xxl&quot;:&quot;small&quot;}}\"><\/div><\/div><\/div><\/div><div  class=\"bt_bb_column col-xl-3 bt_bb_align_left bt_bb_padding_normal\"  data-width=\"3\" data-bt-override-class=\"{}\"><div class=\"bt_bb_column_content bt_bb_vertical_align_top bt_bb_color_scheme_\"><div class=\"bt_bb_column_content_inner\"><\/div><\/div><\/div><\/div><\/div><\/div><!-- cell_inner --><\/div><!-- cell --><\/div><!-- port --><\/section><section data-bb-version=\"4.9.1\" id=\"bt_bb_section69e1bc821ca27\" class=\"bt_bb_section bt_bb_layout_boxed_1200 bt_bb_vertical_align_top bt_bb_top_spacing_medium bt_bb_bottom_spacing_none\"  data-bt-override-class=\"{&quot;bt_bb_top_spacing_&quot;:{&quot;current_class&quot;:&quot;bt_bb_top_spacing_medium&quot;,&quot;xxl&quot;:&quot;medium&quot;},&quot;bt_bb_bottom_spacing_&quot;:{&quot;current_class&quot;:&quot;bt_bb_bottom_spacing_none&quot;,&quot;xxl&quot;:&quot;none&quot;}}\"><div class=\"bt_bb_port\"><div class=\"bt_bb_cell\"><div class=\"bt_bb_cell_inner\"><div class=\"bt_bb_row \"  data-bt-override-class=\"{}\"><div class=\"bt_bb_row_holder\" ><div data-bb-version=\"4.9.1\"  class=\"bt_bb_column col-xl-12 col-xs-12 col-sm-12 col-md-12 col-lg-12 bt_bb_align_left bt_bb_padding_normal\"  data-width=\"12\" data-bt-override-class=\"{}\"><div class=\"bt_bb_column_content bt_bb_vertical_align_top bt_bb_color_scheme_\"><div class=\"bt_bb_column_content_inner\"><div data-bb-version=\"4.9.1\" class=\"bt_bb_separator bt_bb_border_style_none bt_bb_top_spacing_none bt_bb_bottom_spacing_medium\" data-bt-override-class=\"{&quot;bt_bb_top_spacing_&quot;:{&quot;current_class&quot;:&quot;bt_bb_top_spacing_none&quot;,&quot;xxl&quot;:&quot;none&quot;},&quot;bt_bb_bottom_spacing_&quot;:{&quot;current_class&quot;:&quot;bt_bb_bottom_spacing_medium&quot;,&quot;xxl&quot;:&quot;medium&quot;}}\"><\/div><div data-bb-version=\"4.9.1\"  class=\"bt_bb_text\" ><p><strong>POLITIKA ZASEBNOSTI DRU\u017dBE MAIUS d.o.o.<\/strong><\/p>\n<p style=\"text-align: justify;\"><strong>1. O UPRAVLJALCU OSEBNIH PODATKOV<\/strong><br \/>\nUpravljavec osebnih podatkov je dru\u017eba Maius d.o.o., Ljubljanska cesta 13\/d, 1236 Trzin.<\/p>\n<p>Osebni podatki se obdelujejo skladno s Splo\u0161no uredbo o varstvu podatkov (GDPR), Zakonom o varstvu osebnih podatkov<br \/>\n(ZVOP-2; Uradni list RS \u0161t. 163\/22) ter skladno z drugimi veljavnimi predpisi s podro\u010dja varstva osebnih podatkov. Za vse poizvedbe in\/ali vpra\u0161anja v zvezi z zasebnostjo in varstvom osebnih podatkov, se lahko obrnete na e-po\u0161tni naslov:<br \/>\ninfo@maius.si.<\/p>\n<p><strong>2. KATERE OSEBNE PODATKE OBDELUJEMO IN ZA KAK\u0160EN NAMEN?<\/strong><br \/>\nZ namenom, da vam posredujemo obvestila in novice, obdelujemo va\u0161e kontaktne podatke, in sicer<br \/>\n&#8211; ime in priimek;<br \/>\n&#8211; telefonsko \u0161tevilko; ter<br \/>\n&#8211; elektronski naslov.<br \/>\nSpletno mesto ne uporablja pi\u0161kotkov, ki bi zbirali osebne podatke, s katerimi bi vas bilo mogo\u010de osebno prepoznati oz. identificirati.<\/p>\n<p><strong>3. PRAVNA PODLAGA OBDELOVANJA OSEBNIH PODATKOV<\/strong><br \/>\nVa\u0161e osebne podatke obdelujemo na podlagi va\u0161e izrecne privolitve (\u010dlen 6(a) GDPR).<\/p>\n<p><strong>4. TRAJANJE HRAMBE OSEBNIH PODATKOV<\/strong><br \/>\nVa\u0161e osebne podatke bomo hranili, dokler ne prekli\u010dete svojega soglasja, vendar najdlje pet let po preteku koledarskega leta, v katerem ste podali svoje soglasje.<\/p>\n<p><strong>5. ALI BOMO VA\u0160E PODATKE RAZKRILI TRETJIM OSEBAM ALI JIH PRENESLI IZVEN EU?<\/strong><br \/>\nVa\u0161i osebnih podatkov ne bomo razkrili tretjim osebam in jih ne bomo prenesli izven Evropske unije (EU).<\/p>\n<p><strong>6. VA\u0160E PRAVICE GLEDE OBDELAVE OSEBNIH PODATKOV<\/strong><br \/>\nKadarkoli lahko zahtevate dostop, dopolnitev, popravek, blokiranje oz. omejitev obdelave ali izbris osebnih podatkov, ugovarjate obdelavi podatkov, ki se obdelujejo v zvezi z vami, ali zahtevate prenos podatkov. Zahtevo glede uresni\u010devanja va\u0161ih pravic glede obdelave osebnih podatkov nam lahko po\u0161ljete na elektronski naslov info@maius.si. Svojo privolitev v obdelavo osebnih podatkov lahko kadarkoli prekli\u010dete, pri \u010demer preklic privolitve ne vpliva na zakonitost obdelave osebnih podatkov na podlagi te privolitve za obdobje pred preklicem. V primeru zaznane kr\u0161itve varstva osebnih podatkov vas bomo pod pogoji, ki jih dolo\u010da veljavna zakonodaja, o zaznani kr\u0161itvi obvestili. Va\u0161e zahteve bomo izvr\u0161ili brez nepotrebnega odla\u0161anja, in sicer najkasneje v roku enega meseca po prejemu zahteve, razen \u010de veljavni predpisi ne dolo\u010dajo druga\u010de. Ob upo\u0161tevanju kompleksnosti in \u0161tevila zahtev se lahko rok iz prej\u0161njega odstavka podalj\u0161a za najve\u010d dva meseca. O vsakr\u0161nem podalj\u0161anju roka in razlogih za njegovo podalj\u0161anje vas bomo obvestili najkasneje v roku enega meseca po prejemu va\u0161e zahteve. \u010ce menite, da va\u0161ih osebnih podatkov ne obdelujemo v skladu z veljavnimi predpisi, ki urejajo varstvo osebnih podatkov, imate pravico vlo\u017eiti prito\u017ebo pri Informacijskem poobla\u0161\u010dencu RS na elektronski naslov gp.ip@ip-rs.si oz. po navadni po\u0161ti na naslov Dunajska cesta 22, 1000 Ljubljana, Slovenija.<\/p>\n<\/div><\/div><\/div><\/div><\/div><\/div><div data-bb-version=\"4.9.1\" class=\"bt_bb_row \"  data-bt-override-class=\"{}\"><div class=\"bt_bb_row_holder\" ><div data-bb-version=\"4.9.1\"  class=\"bt_bb_column col-xl-12 col-xs-12 col-sm-12 col-md-12 col-lg-12 bt_bb_align_left bt_bb_padding_normal\"  data-width=\"12\" data-bt-override-class=\"{}\"><div class=\"bt_bb_column_content bt_bb_vertical_align_top bt_bb_color_scheme_\"><div class=\"bt_bb_column_content_inner\"><\/div><\/div><\/div><\/div><\/div><\/div><!-- cell_inner --><\/div><!-- cell --><\/div><!-- port --><\/section>","protected":false},"excerpt":{"rendered":"","protected":false},"author":1,"featured_media":0,"parent":0,"menu_order":0,"comment_status":"closed","ping_status":"open","template":"","meta":{"footnotes":""},"class_list":["post-3","page","type-page","status-publish","hentry"],"_links":{"self":[{"href":"https:\/\/maius.si\/de\/wp-json\/wp\/v2\/pages\/3"}],"collection":[{"href":"https:\/\/maius.si\/de\/wp-json\/wp\/v2\/pages"}],"about":[{"href":"https:\/\/maius.si\/de\/wp-json\/wp\/v2\/types\/page"}],"author":[{"embeddable":true,"href":"https:\/\/maius.si\/de\/wp-json\/wp\/v2\/users\/1"}],"replies":[{"embeddable":true,"href":"https:\/\/maius.si\/de\/wp-json\/wp\/v2\/comments?post=3"}],"version-history":[{"count":0,"href":"https:\/\/maius.si\/de\/wp-json\/wp\/v2\/pages\/3\/revisions"}],"wp:attachment":[{"href":"https:\/\/maius.si\/de\/wp-json\/wp\/v2\/media?parent=3"}],"curies":[{"name":"wp","href":"https:\/\/api.w.org\/{rel}","templated":true}]}}