{"id":3566,"date":"2018-09-10T12:47:51","date_gmt":"2018-09-10T12:47:51","guid":{"rendered":"http:\/\/law-firm.bold-themes.com\/master-import\/?page_id=11"},"modified":"2024-06-22T15:12:06","modified_gmt":"2024-06-22T14:12:06","slug":"o-nas","status":"publish","type":"page","link":"https:\/\/maius.si\/de\/o-nas\/","title":{"rendered":"O nas"},"content":{"rendered":"<section data-bb-version=\"4.9.1\" id=\"bt_bb_section69e1b9c0b67bf\" class=\"bt_bb_section bt_bb_color_scheme_10 bt_bb_layout_boxed_1200 bt_bb_vertical_align_top bt_bb_top_spacing_large bt_bb_bottom_spacing_medium\" style=\"; --section-primary-color:#ffffff; --section-secondary-color:#1a243f;;background-color:#0f1625;\" data-bt-override-class=\"{&quot;bt_bb_top_spacing_&quot;:{&quot;current_class&quot;:&quot;bt_bb_top_spacing_large&quot;,&quot;xxl&quot;:&quot;large&quot;},&quot;bt_bb_bottom_spacing_&quot;:{&quot;current_class&quot;:&quot;bt_bb_bottom_spacing_medium&quot;,&quot;xxl&quot;:&quot;medium&quot;}}\"><div class=\"bt_bb_port\"><div class=\"bt_bb_cell\"><div class=\"bt_bb_cell_inner\"><div class=\"bt_bb_row \"  data-bt-override-class=\"{}\"><div class=\"bt_bb_row_holder\" ><div  class=\"bt_bb_column col-xl-3 bt_bb_align_left bt_bb_padding_normal\"  data-width=\"3\" data-bt-override-class=\"{}\"><div class=\"bt_bb_column_content bt_bb_vertical_align_top bt_bb_color_scheme_\"><div class=\"bt_bb_column_content_inner\"><\/div><\/div><\/div><div  class=\"bt_bb_column col-xl-6 bt_bb_align_center bt_bb_padding_50 bt_bb_animation_fade_in animate\"  data-width=\"6\" data-bt-override-class=\"{}\"><div class=\"bt_bb_column_content bt_bb_vertical_align_middle bt_bb_color_scheme_\"><div class=\"bt_bb_column_content_inner\"><div class=\"bt_bb_separator bt_bb_border_style_none bt_bb_bottom_spacing_medium bt_bb_hidden_xs bt_bb_hidden_ms bt_bb_hidden_sm\" data-bt-override-class=\"null\"><\/div><header data-bb-version=\"5.0.0\" class=\"bt_bb_headline bt_bb_color_scheme_6 bt_bb_dash_none bt_bb_size_extralarge bt_bb_align_inherit\" style=\"; --primary-color:#ffffff; --secondary-color:#B07C4B;\" data-bt-override-class=\"{&quot;bt_bb_size_&quot;:{&quot;current_class&quot;:&quot;bt_bb_size_extralarge&quot;,&quot;xxl&quot;:&quot;extralarge&quot;},&quot;bt_bb_align_&quot;:{&quot;current_class&quot;:&quot;bt_bb_align_inherit&quot;,&quot;xxl&quot;:&quot;inherit&quot;}}\"><h2 class=\"bt_bb_headline_tag\"><span class=\"bt_bb_headline_content\"><span>Kontakt<\/span><\/span><\/h2><\/header><div data-bb-version=\"4.9.1\" class=\"bt_bb_separator bt_bb_border_style_none bt_bb_top_spacing_none bt_bb_bottom_spacing_small bt_bb_hidden_xs bt_bb_hidden_ms bt_bb_hidden_sm\" data-bt-override-class=\"{&quot;bt_bb_top_spacing_&quot;:{&quot;current_class&quot;:&quot;bt_bb_top_spacing_none&quot;,&quot;xxl&quot;:&quot;none&quot;},&quot;bt_bb_bottom_spacing_&quot;:{&quot;current_class&quot;:&quot;bt_bb_bottom_spacing_small&quot;,&quot;xxl&quot;:&quot;small&quot;}}\"><\/div><\/div><\/div><\/div><div  class=\"bt_bb_column col-xl-3 bt_bb_align_left bt_bb_padding_normal\"  data-width=\"3\" data-bt-override-class=\"{}\"><div class=\"bt_bb_column_content bt_bb_vertical_align_top bt_bb_color_scheme_\"><div class=\"bt_bb_column_content_inner\"><\/div><\/div><\/div><\/div><\/div><\/div><!-- cell_inner --><\/div><!-- cell --><\/div><!-- port --><\/section><section id=\"bt_bb_section69e1b9c0b7073\" class=\"bt_bb_section bt_bb_layout_boxed_1200 bt_bb_vertical_align_top bt_bb_top_spacing_large bt_bb_bottom_spacing_large\"  data-bt-override-class=\"null\"><div class=\"bt_bb_port\"><div class=\"bt_bb_cell\"><div class=\"bt_bb_cell_inner\"><div class=\"bt_bb_row \"  data-bt-override-class=\"{}\"><div class=\"bt_bb_row_holder\" ><div data-bb-version=\"4.9.1\"  class=\"bt_bb_column col-xl-4 bt_bb_align_left bt_bb_padding_normal bt_bb_animation_fade_in animate\"  data-width=\"4\" data-bt-override-class=\"{&quot;bt_bb_align_&quot;:{&quot;current_class&quot;:&quot;bt_bb_align_left&quot;,&quot;xxl&quot;:&quot;left&quot;},&quot;bt_bb_padding_&quot;:{&quot;current_class&quot;:&quot;bt_bb_padding_normal&quot;,&quot;xxl&quot;:&quot;normal&quot;}}\"><div class=\"bt_bb_column_content bt_bb_vertical_align_top bt_bb_color_scheme_\"><div class=\"bt_bb_column_content_inner\"><div  class=\"bt_bb_text\" ><p style=\"text-align: justify;\">Das Unternehmen Maius d.o.o. wurde im Mai 2007 gegr\u00fcndet. Das Unternehmen Maius d.o.o. ist haupts\u00e4chlich in den Bereichen t\u00e4tig, in denen es Kunden aus der Republik Slowenien und aus dem Ausland qualitativ hochwertige Rechts- und Unternehmensberatungsdienste anbietet.<\/p>\n<p style=\"text-align: justify;\">Im Rahmen von Maius d.o.o. gibt es eine gro\u00dfe Anzahl von Rechtsexperten und \u00d6konomen mit langj\u00e4hriger praktischer Erfahrung in verschiedenen Bereichen.<\/p>\n<p style=\"text-align: justify;\">Eine solide Basis f\u00fcr den Betrieb von Maius d.o.o. bilden Experten, die nach sorgf\u00e4ltiger Pr\u00fcfung aller Umst\u00e4nde jedes Falls ihren Kunden die Wahl optimaler L\u00f6sungen im Bereich Recht und Wirtschaft vorschlagen, die einfallsreich und innovativ sind.<\/p>\n<p style=\"text-align: justify;\">Alle Experten von Maius d.o.o. zeichnen sich durch ihre Hingabe zur Arbeit, Professionalit\u00e4t, Pr\u00e4zision und den Wunsch aus, allen ihren Kunden Rechts- und Unternehmensberatungsdienste von h\u00f6chster Qualit\u00e4t anzubieten.<\/p>\n<p style=\"text-align: justify;\">F\u00fcr Maius d.o.o. steht der Kunde an erster Stelle. Wir bieten unseren Kunden Sicherheit, Professionalit\u00e4t und Zuverl\u00e4ssigkeit beim Schutz ihrer Rechte und Interessen.<\/p>\n<p style=\"text-align: justify;\">Bei Maius d.o.o. So beraten und betreuen wir Angelegenheiten im Bereich des Handelsrechts, Zivilrechts, Steuerrechts, Arbeitsrechts, Sozialversicherungsrechts, Verwaltungs- und Verfassungsrechts,<\/p>\n<div id=\"simple-translate\" class=\"simple-translate-system-theme\">\n<div>\n<div class=\"simple-translate-button isShow\" style=\"background-image: url('chrome-extension:\/\/ibplnjkanclpjokhdolnendpplpjiace\/icons\/512.png'); height: 22px; width: 22px; top: 17px; left: -4px;\"><\/div>\n<div class=\"simple-translate-panel \" style=\"width: 300px; height: 200px; top: 0px; left: 0px; font-size: 13px;\">\n<div class=\"simple-translate-result-wrapper\" style=\"overflow: hidden;\">\n<div class=\"simple-translate-move\" draggable=\"true\"><\/div>\n<div class=\"simple-translate-result-contents\">\n<p class=\"simple-translate-candidate\" dir=\"auto\">\n<\/div>\n<\/div>\n<\/div>\n<\/div>\n<\/div>\n<\/div><div class=\"bt_bb_separator bt_bb_border_style_none bt_bb_bottom_spacing_normal bt_bb_hidden_md bt_bb_hidden_lg\" data-bt-override-class=\"null\"><\/div><\/div><\/div><\/div><div data-bb-version=\"4.9.1\"  class=\"bt_bb_column col-xl-4 bt_bb_align_left bt_bb_padding_normal bt_bb_animation_fade_in animate\"  data-width=\"4\" data-bt-override-class=\"{&quot;bt_bb_align_&quot;:{&quot;current_class&quot;:&quot;bt_bb_align_left&quot;,&quot;xxl&quot;:&quot;left&quot;},&quot;bt_bb_padding_&quot;:{&quot;current_class&quot;:&quot;bt_bb_padding_normal&quot;,&quot;xxl&quot;:&quot;normal&quot;}}\"><div class=\"bt_bb_column_content bt_bb_vertical_align_top bt_bb_color_scheme_\"><div class=\"bt_bb_column_content_inner\"><div  class=\"bt_bb_text\" ><p style=\"text-align: justify;\">Ordnungswidrigkeitenrecht, Insolvenzrecht, \u00f6ffentliche Ausschreibungen und \u00f6ffentliche Auftr\u00e4ge, Recht der Europ\u00e4ischen Gemeinschaft und internationales Handelsrecht.<\/p>\n<p style=\"text-align: justify;\">Im Bereich Unternehmensberatung bieten wir unseren Kunden Beratung im Bereich Unternehmensf\u00fchrung, Finanzen, Unternehmensumstrukturierung, Krisenmanagement und Beratung im Bereich Zwangsvergleiche, Insolvenzen und Liquidationen.<\/p>\n<p style=\"text-align: justify;\">Das Unternehmen Maius d.o.o. ber\u00e4t seine Kunden im Bereich Immobilienprojektentwicklung und Investitionsmanagement.<\/p>\n<p style=\"text-align: justify;\">Ausl\u00e4ndischen Kunden bietet Maius d.o.o. Rechts- und Unternehmensberatung in Englisch, Deutsch, Spanisch, Portugiesisch, Franz\u00f6sisch, Italienisch, Kroatisch\/Serbisch, Russisch, Chinesisch und Japanisch.<\/p>\n<p style=\"text-align: justify;\">Das Unternehmen arbeitet mit zahlreichen Anwaltskanzleien, Beratungsunternehmen und Instituten in der Republik Slowenien und im Ausland zusammen.<\/p>\n<p style=\"text-align: justify;\">Ein hohes Ma\u00df an Innovation, Professionalit\u00e4t und ethischem Handeln erm\u00f6glicht die professionelle Ausf\u00fchrung der Arbeiten und die Zufriedenheit jedes einzelnen Kunden.<\/p>\n<\/div><div class=\"bt_bb_separator bt_bb_border_style_none bt_bb_bottom_spacing_normal bt_bb_hidden_md bt_bb_hidden_lg\" data-bt-override-class=\"null\"><\/div><\/div><\/div><\/div><div data-bb-version=\"4.9.1\"  class=\"bt_bb_column col-xl-4 bt_bb_align_left bt_bb_padding_normal bt_bb_animation_fade_in animate\"  data-width=\"4\" data-bt-override-class=\"{&quot;bt_bb_align_&quot;:{&quot;current_class&quot;:&quot;bt_bb_align_left&quot;,&quot;xxl&quot;:&quot;left&quot;},&quot;bt_bb_padding_&quot;:{&quot;current_class&quot;:&quot;bt_bb_padding_normal&quot;,&quot;xxl&quot;:&quot;normal&quot;}}\"><div class=\"bt_bb_column_content bt_bb_vertical_align_top bt_bb_color_scheme_\"><div class=\"bt_bb_column_content_inner\"><div data-bb-version=\"5.0.0\" class=\"bt_bb_service bt_bb_color_scheme_14 bt_bb_style_borderless bt_bb_size_normal bt_bb_shape_square bt_bb_align_left bt_bb_title_color_scheme_13\" style=\"; --service-primary-color:#1a243f; --service-secondary-color:#B07C4B;; --service-title-primary-color:#B07C4B; --service-title-secondary-color:#1a243f;\"><span  data-ico-icon7stroke=\"&#xe662;\" class=\"bt_bb_icon_holder\"><\/span><div class=\"bt_bb_service_content\"><div class=\"bt_bb_service_content_title\">B\u00dcRO<\/div><div class=\"bt_bb_service_content_text\">Ljubljanska cesta 13 d - 1236 Trzin - Slovenia<\/div><\/div><\/div><div class=\"bt_bb_separator bt_bb_border_style_solid bt_bb_top_spacing_small bt_bb_bottom_spacing_small bt_bb_color_gray\" data-bt-override-class=\"null\"><\/div><div data-bb-version=\"5.0.0\" class=\"bt_bb_service bt_bb_color_scheme_14 bt_bb_style_borderless bt_bb_size_normal bt_bb_shape_square bt_bb_align_left bt_bb_title_color_scheme_13\" style=\"; --service-primary-color:#1a243f; --service-secondary-color:#B07C4B;; --service-title-primary-color:#B07C4B; --service-title-secondary-color:#1a243f;\"><span  data-ico-icon7stroke=\"&#xe63b;\" class=\"bt_bb_icon_holder\"><\/span><div class=\"bt_bb_service_content\"><div class=\"bt_bb_service_content_title\">E-MAIL-ADRESSE<\/div><div class=\"bt_bb_service_content_text\">info@maius.si<\/div><\/div><\/div><div class=\"bt_bb_separator bt_bb_border_style_solid bt_bb_top_spacing_small bt_bb_bottom_spacing_small bt_bb_color_gray\" data-bt-override-class=\"null\"><\/div><div data-bb-version=\"5.0.0\" class=\"bt_bb_service bt_bb_color_scheme_14 bt_bb_style_borderless bt_bb_size_normal bt_bb_shape_square bt_bb_align_left bt_bb_title_color_scheme_13\" style=\"; --service-primary-color:#1a243f; --service-secondary-color:#B07C4B;; --service-title-primary-color:#B07C4B; --service-title-secondary-color:#1a243f;\"><span  data-ico-icon7stroke=\"&#xe6b5;\" class=\"bt_bb_icon_holder\"><\/span><div class=\"bt_bb_service_content\"><div class=\"bt_bb_service_content_title\">TELEFON<\/div><div class=\"bt_bb_service_content_text\">+386-590-888-00<\/div><\/div><\/div><div class=\"bt_bb_separator bt_bb_border_style_solid bt_bb_top_spacing_small bt_bb_bottom_spacing_small bt_bb_color_gray\" data-bt-override-class=\"null\"><\/div><div data-bb-version=\"5.0.0\" class=\"bt_bb_service bt_bb_color_scheme_14 bt_bb_style_borderless bt_bb_size_normal bt_bb_shape_square bt_bb_align_left bt_bb_title_color_scheme_13\" style=\"; --service-primary-color:#1a243f; --service-secondary-color:#B07C4B;; --service-title-primary-color:#B07C4B; --service-title-secondary-color:#1a243f;\"><span  data-ico-icon7stroke=\"&#xe67e;\" class=\"bt_bb_icon_holder\"><\/span><div class=\"bt_bb_service_content\"><div class=\"bt_bb_service_content_title\">ARBEITSZEIT<\/div><div class=\"bt_bb_service_content_text\">MON. - FRE.: 8:00 \u2013 16:00<\/div><\/div><\/div><div data-bb-version=\"4.9.1\" class=\"bt_bb_separator bt_bb_border_style_solid bt_bb_top_spacing_small bt_bb_bottom_spacing_small bt_bb_color_gray\" data-bt-override-class=\"{&quot;bt_bb_top_spacing_&quot;:{&quot;current_class&quot;:&quot;bt_bb_top_spacing_small&quot;,&quot;xxl&quot;:&quot;small&quot;},&quot;bt_bb_bottom_spacing_&quot;:{&quot;current_class&quot;:&quot;bt_bb_bottom_spacing_small&quot;,&quot;xxl&quot;:&quot;small&quot;}}\"><\/div><div data-bb-version=\"5.0.1\" class=\"bt_bb_service bt_bb_color_scheme_14 bt_bb_style_borderless bt_bb_size_normal bt_bb_shape_square bt_bb_align_left bt_bb_title_color_scheme_13\" style=\"; --service-primary-color:#1a243f; --service-secondary-color:#B07C4B;; --service-title-primary-color:#B07C4B; --service-title-secondary-color:#1a243f;\"><span  data-ico-essential=\"&#xe994;\" class=\"bt_bb_icon_holder\"><\/span><div class=\"bt_bb_service_content\"><div class=\"bt_bb_service_content_title\">REGISTRIERUNGSNUMMER<\/div><div class=\"bt_bb_service_content_text\"> 229757400<\/div><\/div><\/div><div data-bb-version=\"4.9.1\" class=\"bt_bb_separator bt_bb_border_style_solid bt_bb_top_spacing_small bt_bb_bottom_spacing_small bt_bb_color_gray\" data-bt-override-class=\"{&quot;bt_bb_top_spacing_&quot;:{&quot;current_class&quot;:&quot;bt_bb_top_spacing_small&quot;,&quot;xxl&quot;:&quot;small&quot;},&quot;bt_bb_bottom_spacing_&quot;:{&quot;current_class&quot;:&quot;bt_bb_bottom_spacing_small&quot;,&quot;xxl&quot;:&quot;small&quot;}}\"><\/div><div data-bb-version=\"5.0.1\" class=\"bt_bb_service bt_bb_color_scheme_14 bt_bb_style_borderless bt_bb_size_normal bt_bb_shape_square bt_bb_align_left bt_bb_title_color_scheme_13\" style=\"; --service-primary-color:#1a243f; --service-secondary-color:#B07C4B;; --service-title-primary-color:#B07C4B; --service-title-secondary-color:#1a243f;\"><span  data-ico-business=\"&#xf15e;\" class=\"bt_bb_icon_holder\"><\/span><div class=\"bt_bb_service_content\"><div class=\"bt_bb_service_content_title\">REGISTRIERUNGSSTELLE<\/div><div class=\"bt_bb_service_content_text\">Bezierksgericht Ljubljana<br \/>\r\nSrg 2007\/04716<br \/>\r\nGrundkapital: 7.500,00 EUR<\/div><\/div><\/div><div data-bb-version=\"4.9.1\" class=\"bt_bb_separator bt_bb_border_style_solid bt_bb_top_spacing_small bt_bb_bottom_spacing_small bt_bb_color_gray\" data-bt-override-class=\"{&quot;bt_bb_top_spacing_&quot;:{&quot;current_class&quot;:&quot;bt_bb_top_spacing_small&quot;,&quot;xxl&quot;:&quot;small&quot;},&quot;bt_bb_bottom_spacing_&quot;:{&quot;current_class&quot;:&quot;bt_bb_bottom_spacing_small&quot;,&quot;xxl&quot;:&quot;small&quot;}}\"><\/div><div data-bb-version=\"5.0.0\" class=\"bt_bb_service bt_bb_color_scheme_14 bt_bb_style_borderless bt_bb_size_normal bt_bb_shape_square bt_bb_align_left bt_bb_title_color_scheme_13\" style=\"; --service-primary-color:#1a243f; --service-secondary-color:#B07C4B;; --service-title-primary-color:#B07C4B; --service-title-secondary-color:#1a243f;\"><span  data-ico-business=\"&#xf138;\" class=\"bt_bb_icon_holder\"><\/span><div class=\"bt_bb_service_content\"><div class=\"bt_bb_service_content_title\">Umsatzsteuer-ID<\/div><div class=\"bt_bb_service_content_text\">SI48920487<\/div><\/div><\/div><div data-bb-version=\"4.9.1\" class=\"bt_bb_separator bt_bb_border_style_solid bt_bb_top_spacing_small bt_bb_bottom_spacing_small bt_bb_color_gray\" data-bt-override-class=\"{&quot;bt_bb_top_spacing_&quot;:{&quot;current_class&quot;:&quot;bt_bb_top_spacing_small&quot;,&quot;xxl&quot;:&quot;small&quot;},&quot;bt_bb_bottom_spacing_&quot;:{&quot;current_class&quot;:&quot;bt_bb_bottom_spacing_small&quot;,&quot;xxl&quot;:&quot;small&quot;}}\"><\/div><div data-bb-version=\"5.0.1\" class=\"bt_bb_service bt_bb_color_scheme_14 bt_bb_style_borderless bt_bb_size_normal bt_bb_shape_square bt_bb_align_left bt_bb_title_color_scheme_13\" style=\"; --service-primary-color:#1a243f; --service-secondary-color:#B07C4B;; --service-title-primary-color:#B07C4B; --service-title-secondary-color:#1a243f;\"><span  data-ico-business=\"&#xf10a;\" class=\"bt_bb_icon_holder\"><\/span><div class=\"bt_bb_service_content\"><div class=\"bt_bb_service_content_title\">BANKKONTONUMMER<\/div><div class=\"bt_bb_service_content_text\">LT89 9250 0355 6430 7883<br \/>\r\nREVOLUT Bank UAB<br \/>\r\nSWIFT\/BIC: REVOLT21<\/div><\/div><\/div><\/div><\/div><\/div><\/div><\/div><\/div><!-- cell_inner --><\/div><!-- cell --><\/div><!-- port --><\/section><section data-bb-version=\"4.9.1\" id=\"bt_bb_section69e1b9c0b8e69\" class=\"bt_bb_section bt_bb_layout_boxed_1600 bt_bb_vertical_align_top bt_bb_top_spacing_none bt_bb_bottom_spacing_none\"  data-bt-override-class=\"{&quot;bt_bb_top_spacing_&quot;:{&quot;current_class&quot;:&quot;bt_bb_top_spacing_none&quot;,&quot;xxl&quot;:&quot;none&quot;},&quot;bt_bb_bottom_spacing_&quot;:{&quot;current_class&quot;:&quot;bt_bb_bottom_spacing_none&quot;,&quot;xxl&quot;:&quot;none&quot;}}\"><div class=\"bt_bb_port\"><div class=\"bt_bb_cell\"><div class=\"bt_bb_cell_inner\"><div class=\"bt_bb_row \"  data-bt-override-class=\"{}\"><div class=\"bt_bb_row_holder\" ><div data-bb-version=\"4.9.1\"  class=\"bt_bb_column col-xl-12 col-xs-12 col-sm-12 col-md-12 col-lg-12 bt_bb_align_left bt_bb_padding_normal\"  data-width=\"12\" data-bt-override-class=\"{&quot;bt_bb_align_&quot;:{&quot;current_class&quot;:&quot;bt_bb_align_left&quot;,&quot;xxl&quot;:&quot;left&quot;},&quot;bt_bb_padding_&quot;:{&quot;current_class&quot;:&quot;bt_bb_padding_normal&quot;,&quot;xxl&quot;:&quot;normal&quot;}}\"><div class=\"bt_bb_column_content bt_bb_vertical_align_top bt_bb_color_scheme_\"><div class=\"bt_bb_column_content_inner\"><div class=\"bt_bb_raw_content\"><iframe src=\"https:\/\/www.google.com\/maps\/embed?pb=!1m28!1m12!1m3!1d6905.1393056962115!2d14.558621254901892!3d46.13210743217516!2m3!1f0!2f0!3f0!3m2!1i1024!2i768!4f13.1!4m13!3e0!4m5!1s0x4765358b0dd032e1%3A0xfe2cb5dfbd634cd8!2sMaius%20d.o.o.%2C%20Ljubljanska%20cesta%2C%20Trzin!3m2!1d46.1328427!2d14.5631021!4m5!1s0x4765358b0dd032e1%3A0xfe2cb5dfbd634cd8!2sMaius%20d.o.o.%2C%20Ljubljanska%20cesta%2013d%2C%201236%20Trzin!3m2!1d46.1328427!2d14.5631021!5e1!3m2!1ssl!2ssi!4v1717175330076!5m2!1ssl!2ssi\" width=\"1600\" height=\"500\" style=\"border:0;\" allowfullscreen=\"\" loading=\"lazy\" referrerpolicy=\"no-referrer-when-downgrade\"><\/iframe><\/div><\/div><\/div><\/div><\/div><\/div><\/div><!-- cell_inner --><\/div><!-- cell --><\/div><!-- port --><\/section>","protected":false},"excerpt":{"rendered":"","protected":false},"author":1,"featured_media":0,"parent":0,"menu_order":0,"comment_status":"closed","ping_status":"closed","template":"","meta":{"footnotes":""},"class_list":["post-3566","page","type-page","status-publish","hentry"],"_links":{"self":[{"href":"https:\/\/maius.si\/de\/wp-json\/wp\/v2\/pages\/3566"}],"collection":[{"href":"https:\/\/maius.si\/de\/wp-json\/wp\/v2\/pages"}],"about":[{"href":"https:\/\/maius.si\/de\/wp-json\/wp\/v2\/types\/page"}],"author":[{"embeddable":true,"href":"https:\/\/maius.si\/de\/wp-json\/wp\/v2\/users\/1"}],"replies":[{"embeddable":true,"href":"https:\/\/maius.si\/de\/wp-json\/wp\/v2\/comments?post=3566"}],"version-history":[{"count":9,"href":"https:\/\/maius.si\/de\/wp-json\/wp\/v2\/pages\/3566\/revisions"}],"predecessor-version":[{"id":4286,"href":"https:\/\/maius.si\/de\/wp-json\/wp\/v2\/pages\/3566\/revisions\/4286"}],"wp:attachment":[{"href":"https:\/\/maius.si\/de\/wp-json\/wp\/v2\/media?parent=3566"}],"curies":[{"name":"wp","href":"https:\/\/api.w.org\/{rel}","templated":true}]}}