{"id":3687,"date":"2024-05-12T12:28:08","date_gmt":"2024-05-12T11:28:08","guid":{"rendered":"http:\/\/maius.si\/de\/?page_id=3687"},"modified":"2024-06-18T20:54:35","modified_gmt":"2024-06-18T19:54:35","slug":"pravno-svetovanje","status":"publish","type":"page","link":"https:\/\/maius.si\/de\/pravno-svetovanje\/","title":{"rendered":"Pravno svetovanje"},"content":{"rendered":"<section data-bb-version=\"4.9.1\" id=\"bt_bb_section69e1a8babb257\" class=\"bt_bb_section bt_bb_color_scheme_10 bt_bb_layout_boxed_1200 bt_bb_vertical_align_top bt_bb_top_spacing_large bt_bb_bottom_spacing_large\" style=\"; --section-primary-color:#ffffff; --section-secondary-color:#1a243f;;background-color:#0f1625;\" data-bt-override-class=\"{&quot;bt_bb_top_spacing_&quot;:{&quot;current_class&quot;:&quot;bt_bb_top_spacing_large&quot;,&quot;xxl&quot;:&quot;large&quot;},&quot;bt_bb_bottom_spacing_&quot;:{&quot;current_class&quot;:&quot;bt_bb_bottom_spacing_large&quot;,&quot;xxl&quot;:&quot;large&quot;}}\"><div class=\"bt_bb_port\"><div class=\"bt_bb_cell\"><div class=\"bt_bb_cell_inner\"><div class=\"bt_bb_row \"  data-bt-override-class=\"{}\"><div class=\"bt_bb_row_holder\" ><div  class=\"bt_bb_column col-xl-3 bt_bb_align_left bt_bb_padding_normal\"  data-width=\"3\" data-bt-override-class=\"{}\"><div class=\"bt_bb_column_content bt_bb_vertical_align_top bt_bb_color_scheme_\"><div class=\"bt_bb_column_content_inner\"><\/div><\/div><\/div><div  class=\"bt_bb_column col-xl-6 bt_bb_align_center bt_bb_padding_50 bt_bb_animation_fade_in animate\"  data-width=\"6\" data-bt-override-class=\"{}\"><div class=\"bt_bb_column_content bt_bb_vertical_align_middle bt_bb_color_scheme_\"><div class=\"bt_bb_column_content_inner\"><div class=\"bt_bb_separator bt_bb_border_style_none bt_bb_bottom_spacing_medium bt_bb_hidden_xs bt_bb_hidden_ms bt_bb_hidden_sm\" data-bt-override-class=\"null\"><\/div><header data-bb-version=\"5.0.0\" class=\"bt_bb_headline bt_bb_color_scheme_6 bt_bb_dash_none bt_bb_size_extralarge bt_bb_align_inherit\" style=\"; --primary-color:#ffffff; --secondary-color:#B07C4B;\" data-bt-override-class=\"{&quot;bt_bb_size_&quot;:{&quot;current_class&quot;:&quot;bt_bb_size_extralarge&quot;,&quot;xxl&quot;:&quot;extralarge&quot;},&quot;bt_bb_align_&quot;:{&quot;current_class&quot;:&quot;bt_bb_align_inherit&quot;,&quot;xxl&quot;:&quot;inherit&quot;}}\"><h2 class=\"bt_bb_headline_tag\"><span class=\"bt_bb_headline_content\"><span>Expertise in folgenden Bereichen<\/span><\/span><\/h2><\/header><div data-bb-version=\"4.9.1\" class=\"bt_bb_separator bt_bb_border_style_none bt_bb_top_spacing_none bt_bb_bottom_spacing_small bt_bb_hidden_xs bt_bb_hidden_ms bt_bb_hidden_sm\" data-bt-override-class=\"{&quot;bt_bb_top_spacing_&quot;:{&quot;current_class&quot;:&quot;bt_bb_top_spacing_none&quot;,&quot;xxl&quot;:&quot;none&quot;},&quot;bt_bb_bottom_spacing_&quot;:{&quot;current_class&quot;:&quot;bt_bb_bottom_spacing_small&quot;,&quot;xxl&quot;:&quot;small&quot;}}\"><\/div><\/div><\/div><\/div><div  class=\"bt_bb_column col-xl-3 bt_bb_align_left bt_bb_padding_normal\"  data-width=\"3\" data-bt-override-class=\"{}\"><div class=\"bt_bb_column_content bt_bb_vertical_align_top bt_bb_color_scheme_\"><div class=\"bt_bb_column_content_inner\"><\/div><\/div><\/div><\/div><\/div><\/div><!-- cell_inner --><\/div><!-- cell --><\/div><!-- port --><\/section><section id=\"bt_bb_section69e1a8babb8b7\" class=\"bt_bb_section bt_bb_layout_boxed_1200 bt_bb_vertical_align_top bt_bb_top_spacing_medium bt_bb_bottom_spacing_large\"  data-bt-override-class=\"null\"><div class=\"bt_bb_port\"><div class=\"bt_bb_cell\"><div class=\"bt_bb_cell_inner\"><div class=\"bt_bb_row \"  data-bt-override-class=\"{}\"><div class=\"bt_bb_row_holder\" ><div  class=\"bt_bb_column col-xl-12 bt_bb_align_left bt_bb_padding_normal bt_bb_animation_fade_in animate\"  data-width=\"12\" data-bt-override-class=\"{}\"><div class=\"bt_bb_column_content bt_bb_vertical_align_top bt_bb_color_scheme_\"><div class=\"bt_bb_column_content_inner\"><header data-bb-version=\"5.0.0\" class=\"bt_bb_headline bt_bb_color_scheme_14 bt_bb_dash_none bt_bb_size_medium bt_bb_align_inherit\" style=\"; --primary-color:#1a243f; --secondary-color:#B07C4B;\" data-bt-override-class=\"{&quot;bt_bb_size_&quot;:{&quot;current_class&quot;:&quot;bt_bb_size_medium&quot;,&quot;xxl&quot;:&quot;medium&quot;},&quot;bt_bb_align_&quot;:{&quot;current_class&quot;:&quot;bt_bb_align_inherit&quot;,&quot;xxl&quot;:&quot;inherit&quot;}}\"><h3 class=\"bt_bb_headline_tag\"><span class=\"bt_bb_headline_content\"><span><strong>RECHTLICHE BERATUNG<\/strong><\/span><\/span><\/h3><\/header><div class=\"bt_bb_separator bt_bb_border_style_none bt_bb_bottom_spacing_medium\" data-bt-override-class=\"null\"><\/div><div class=\"bt_bb_accordion bt_bb_color_scheme_14 bt_bb_style_filled bt_bb_shape_square\" style=\"; --accordion-primary-color:#1a243f; --accordion-secondary-color:#B07C4B;\" data-closed=closed><div class=\"bt_bb_accordion_item\"><div class=\"bt_bb_accordion_item_title\">WIRTSCHAFTSRECHT<\/div><div class=\"bt_bb_accordion_item_content\"><div  class=\"bt_bb_text\" ><ul style=\"list-style-type: circle;\">\n<li>Gesellschafts- und Wirtschaftsrecht;<\/li>\n<li>Wirtschaftliche Konflikte;<\/li>\n<li>Beratung bei der Erwerbung von Arbeitsgenehmigungen;<\/li>\n<li>Beratung bei der Besch\u00e4ftigung von Ausl\u00e4ndern;<\/li>\n<li>Die Einrichtung von juristischen Personen (Unternehmen, Institutionen, Genossenschaften, etc.).<\/li>\n<li>Urheberrecht;<\/li>\n<li>Rechte \u00fcber gewerbliches Eigentum;<\/li>\n<li>Wertpapierrecht;<\/li>\n<li>Schiedsgerichtsbarkeit;<\/li>\n<li>Finanzrecht;<\/li>\n<li>Das Recht \u00fcber Wettbewerbsschutz<\/li>\n<\/ul>\n<div id=\"simple-translate\" class=\"simple-translate-system-theme\">\n<div>\n<div class=\"simple-translate-button isShow\" style=\"background-image: url('chrome-extension:\/\/ibplnjkanclpjokhdolnendpplpjiace\/icons\/512.png'); height: 22px; width: 22px; top: 244px; left: 298px;\"><\/div>\n<div class=\"simple-translate-panel \" style=\"width: 300px; height: 200px; top: 0px; left: 0px; font-size: 13px;\">\n<div class=\"simple-translate-result-wrapper\" style=\"overflow: hidden;\">\n<div class=\"simple-translate-move\" draggable=\"true\"><\/div>\n<div class=\"simple-translate-result-contents\">\n<p class=\"simple-translate-candidate\" dir=\"auto\">\n<\/div>\n<\/div>\n<\/div>\n<\/div>\n<\/div>\n<\/div><div class=\"bt_bb_separator bt_bb_border_style_none bt_bb_bottom_spacing_small\" data-bt-override-class=\"null\"><\/div><\/div><\/div><div class=\"bt_bb_accordion_item\"><div class=\"bt_bb_accordion_item_title\">ZIVILRECHT<\/div><div class=\"bt_bb_accordion_item_content\"><div  class=\"bt_bb_text\" ><p><strong>Vertragsrecht<\/strong><\/p>\n<ul style=\"list-style-type: circle;\">\n<li>Der Kaufvertrag;<\/li>\n<li>Pacht;<\/li>\n<li>Schenkungsvertrag;<\/li>\n<li>Darlehensvertrag;<\/li>\n<li>Leihvertrag;<\/li>\n<li>Arbeitsvertrag;<\/li>\n<li>Bauvertrag;<\/li>\n<li>Der Bef\u00f6rderungsvertrag;<\/li>\n<li>Lizenzvertrag;<\/li>\n<li>Lagervertrag;<\/li>\n<li>Andere Arten von Vertr\u00e4gen;<\/li>\n<\/ul>\n<p><strong>Schadenersatzrecht<\/strong><\/p>\n<ul style=\"list-style-type: circle;\">\n<li>Schadensersatzanspr\u00fcche;<\/li>\n<li>Beratung zu Verfahren f\u00fcr die Durchsetzung einer gerechten Entsch\u00e4digung;<\/li>\n<\/ul>\n<p><strong>Erbrecht<\/strong><\/p>\n<ul style=\"list-style-type: circle;\">\n<li>Testamente;<\/li>\n<li>Bestreiten des Testaments;<\/li>\n<li>Verm\u00e4chtnisse;<\/li>\n<li>Nie\u00dfbrauch;<\/li>\n<li>Erbvertrag;<\/li>\n<li>Heredit\u00e4re Prozesse;<\/li>\n<\/ul>\n<p><strong>Familienrecht<\/strong><\/p>\n<ul style=\"list-style-type: circle;\">\n<li>Scheidung;<\/li>\n<li>Die Aufteilung des gemeinsamen Verm\u00f6gens der Eheleute;<\/li>\n<li>Zusprechen von Kindern und Kontakte der Eltern mit den Kindern;<\/li>\n<li>Unterhaltsanspr\u00fcche;<\/li>\n<\/ul>\n<p><strong>Sachenrecht<\/strong><\/p>\n<ul style=\"list-style-type: circle;\">\n<li>Rechte an Immobilien;<\/li>\n<li>Streitigkeiten \u00fcber Immobilien;<\/li>\n<li>Streitigkeiten \u00fcber Besitz;<\/li>\n<\/ul>\n<p><strong>Grundbucheintragung<\/strong><\/p>\n<ul style=\"list-style-type: circle;\">\n<li>Eintr\u00e4ge des Eigentumsrechts ins Grundbuch;<\/li>\n<li>Eintr\u00e4ge von Annotationen und Vorbemerkung ins Grundbuch;<\/li>\n<li>Andere Eintr\u00e4ge ins Grundbuch.<\/li>\n<\/ul>\n<div id=\"simple-translate\" class=\"simple-translate-system-theme\">\n<div>\n<div class=\"simple-translate-button isShow\" style=\"background-image: url('chrome-extension:\/\/ibplnjkanclpjokhdolnendpplpjiace\/icons\/512.png'); height: 22px; width: 22px; top: 243px; left: 697px;\"><\/div>\n<div class=\"simple-translate-panel \" style=\"width: 300px; height: 200px; top: 0px; left: 0px; font-size: 13px;\">\n<div class=\"simple-translate-result-wrapper\" style=\"overflow: hidden;\">\n<div class=\"simple-translate-move\" draggable=\"true\"><\/div>\n<div class=\"simple-translate-result-contents\">\n<p class=\"simple-translate-result\" dir=\"auto\">\n<p class=\"simple-translate-candidate\" dir=\"auto\">\n<\/div>\n<\/div>\n<\/div>\n<\/div>\n<\/div>\n<\/div><div class=\"bt_bb_separator bt_bb_border_style_none bt_bb_bottom_spacing_small\" data-bt-override-class=\"null\"><\/div><\/div><\/div><div class=\"bt_bb_accordion_item\"><div class=\"bt_bb_accordion_item_title\">STEUERRECHT<\/div><div class=\"bt_bb_accordion_item_content\"><div  class=\"bt_bb_text\" ><ul style=\"list-style-type: circle;\">\n<li>Mehrwertsteuer (MwSt.);<\/li>\n<li>Steuern vom Einkommen von juristischen Personen;<\/li>\n<li>Kraftfahrzeugsteuer;<\/li>\n<li>Einkommenssteuer;<\/li>\n<li>Steuerkontrollverfahren.<\/li>\n<\/ul>\n<\/div><div class=\"bt_bb_separator bt_bb_border_style_none bt_bb_bottom_spacing_small\" data-bt-override-class=\"null\"><\/div><\/div><\/div><div class=\"bt_bb_accordion_item\"><div class=\"bt_bb_accordion_item_title\">ARBEITSRECHT<\/div><div class=\"bt_bb_accordion_item_content\"><div  class=\"bt_bb_text\" ><ul style=\"list-style-type: circle;\">\n<li>Nichtzahlung der L\u00f6hne;<\/li>\n<li>Nichtzahlung von Urlaubsgeld f\u00fcr den Jahresurlaub;<\/li>\n<li>K\u00fcndigung von Arbeitsvertr\u00e4gen;<\/li>\n<li>Eine unangemessene Beziehung des Arbeitgebers gegen\u00fcber dem Arbeitnehmer oder des Arbeitnehmers gegen\u00fcber dem Arbeitgeber;<\/li>\n<li>Verfahren zur Entlassungen.<\/li>\n<\/ul>\n<div id=\"simple-translate\" class=\"simple-translate-system-theme\">\n<div>\n<div class=\"simple-translate-button isShow\" style=\"background-image: url('chrome-extension:\/\/ibplnjkanclpjokhdolnendpplpjiace\/icons\/512.png'); height: 22px; width: 22px; top: 213px; left: 228px;\"><\/div>\n<div class=\"simple-translate-panel \" style=\"width: 300px; height: 200px; top: 0px; left: 0px; font-size: 13px;\">\n<div class=\"simple-translate-result-wrapper\" style=\"overflow: hidden;\">\n<div class=\"simple-translate-move\" draggable=\"true\"><\/div>\n<div class=\"simple-translate-result-contents\">\n<p class=\"simple-translate-candidate\" dir=\"auto\">\n<\/div>\n<\/div>\n<\/div>\n<\/div>\n<\/div>\n<\/div><div class=\"bt_bb_separator bt_bb_border_style_none bt_bb_bottom_spacing_small\" data-bt-override-class=\"null\"><\/div><\/div><\/div><div class=\"bt_bb_accordion_item\"><div class=\"bt_bb_accordion_item_title\">SOZIALE SICHERHEIT<\/div><div class=\"bt_bb_accordion_item_content\"><div  class=\"bt_bb_text\" ><ul style=\"list-style-type: circle;\">\n<li>Renten;<\/li>\n<li>Gesundheitsversorgung;<\/li>\n<li>Familieneinnahmen;<\/li>\n<li>Stipendien.<\/li>\n<\/ul>\n<div id=\"simple-translate\" class=\"simple-translate-system-theme\">\n<div>\n<div class=\"simple-translate-button isShow\" style=\"background-image: url('chrome-extension:\/\/ibplnjkanclpjokhdolnendpplpjiace\/icons\/512.png'); height: 22px; width: 22px; top: 153px; left: 120px;\"><\/div>\n<div class=\"simple-translate-panel \" style=\"width: 300px; height: 200px; top: 0px; left: 0px; font-size: 13px;\">\n<div class=\"simple-translate-result-wrapper\" style=\"overflow: hidden;\">\n<div class=\"simple-translate-move\" draggable=\"true\"><\/div>\n<div class=\"simple-translate-result-contents\">\n<p class=\"simple-translate-candidate\" dir=\"auto\">\n<\/div>\n<\/div>\n<\/div>\n<\/div>\n<\/div>\n<\/div><div class=\"bt_bb_separator bt_bb_border_style_none bt_bb_bottom_spacing_small\" data-bt-override-class=\"null\"><\/div><\/div><\/div><div class=\"bt_bb_accordion_item\"><div class=\"bt_bb_accordion_item_title\">VERWALTUNGS- UND VERFASSUNGSRECHT<\/div><div class=\"bt_bb_accordion_item_content\"><div  class=\"bt_bb_text\" ><ul style=\"list-style-type: circle;\">\n<li>Verwaltungsverfahren;<\/li>\n<li>Berufungen in Verwaltungsverfahren;<\/li>\n<li>Verwaltungsstreitigkeiten und Verfahren vor dem Verwaltungsgericht der Republik Slowenien;<\/li>\n<li>Verfassungsbeschwerde;<\/li>\n<li>Verfahren vor dem Verfassungsgericht der Republik Slowenien.<\/li>\n<\/ul>\n<div id=\"simple-translate\" class=\"simple-translate-system-theme\">\n<div>\n<div class=\"simple-translate-button isShow\" style=\"background-image: url('chrome-extension:\/\/ibplnjkanclpjokhdolnendpplpjiace\/icons\/512.png'); height: 22px; width: 22px; top: 31px; left: -3px;\"><\/div>\n<div class=\"simple-translate-panel \" style=\"width: 300px; height: 200px; top: 0px; left: 0px; font-size: 13px;\">\n<div class=\"simple-translate-result-wrapper\" style=\"overflow: hidden;\">\n<div class=\"simple-translate-move\" draggable=\"true\"><\/div>\n<div class=\"simple-translate-result-contents\">\n<p class=\"simple-translate-candidate\" dir=\"auto\">\n<\/div>\n<\/div>\n<\/div>\n<\/div>\n<\/div>\n<\/div><div class=\"bt_bb_separator bt_bb_border_style_none bt_bb_bottom_spacing_small\" data-bt-override-class=\"null\"><\/div><\/div><\/div><div class=\"bt_bb_accordion_item\"><div class=\"bt_bb_accordion_item_title\">STRAFRECHT<\/div><div class=\"bt_bb_accordion_item_content\"><div  class=\"bt_bb_text\" ><ul style=\"list-style-type: circle;\">\n<li>Verkehrsdelikte;<\/li>\n<li>Disziplinarvergehen;<\/li>\n<li>Strafpunkte im Stra\u00dfenverkehr;<\/li>\n<li>Fahrverbot eines Kraftfahrzeuges;<\/li>\n<li>Verfahren vor den Kontrollbeh\u00f6rden.<\/li>\n<\/ul>\n<div id=\"simple-translate\" class=\"simple-translate-system-theme\">\n<div>\n<div class=\"simple-translate-button isShow\" style=\"background-image: url('chrome-extension:\/\/ibplnjkanclpjokhdolnendpplpjiace\/icons\/512.png'); height: 22px; width: 22px; top: 195px; left: 298px;\"><\/div>\n<div class=\"simple-translate-panel \" style=\"width: 300px; height: 200px; top: 0px; left: 0px; font-size: 13px;\">\n<div class=\"simple-translate-result-wrapper\" style=\"overflow: hidden;\">\n<div class=\"simple-translate-move\" draggable=\"true\"><\/div>\n<div class=\"simple-translate-result-contents\">\n<p class=\"simple-translate-candidate\" dir=\"auto\">\n<\/div>\n<\/div>\n<\/div>\n<\/div>\n<\/div>\n<\/div><div class=\"bt_bb_separator bt_bb_border_style_none bt_bb_bottom_spacing_small\" data-bt-override-class=\"null\"><\/div><\/div><\/div><div class=\"bt_bb_accordion_item\"><div class=\"bt_bb_accordion_item_title\">INSOLVENZRECHT<\/div><div class=\"bt_bb_accordion_item_content\"><div  class=\"bt_bb_text\" ><ul style=\"list-style-type: circle;\">\n<li>Verfahren von Zwangsvergleichen;<\/li>\n<li>Insolvenzverfahren gegen juristische Personen;<\/li>\n<li>Insolvenz der Verlassenschaft;<\/li>\n<li>Pers\u00f6nliche Konkurse;<\/li>\n<li>Liquidationsverfahren.<\/li>\n<\/ul>\n<div id=\"simple-translate\" class=\"simple-translate-system-theme\">\n<div>\n<div class=\"simple-translate-button isShow\" style=\"background-image: url('chrome-extension:\/\/ibplnjkanclpjokhdolnendpplpjiace\/icons\/512.png'); height: 22px; width: 22px; top: 196px; left: 212px;\"><\/div>\n<div class=\"simple-translate-panel \" style=\"width: 300px; height: 200px; top: 0px; left: 0px; font-size: 13px;\">\n<div class=\"simple-translate-result-wrapper\" style=\"overflow: hidden;\">\n<div class=\"simple-translate-move\" draggable=\"true\"><\/div>\n<div class=\"simple-translate-result-contents\">\n<p class=\"simple-translate-candidate\" dir=\"auto\">\n<\/div>\n<\/div>\n<\/div>\n<\/div>\n<\/div>\n<\/div><div class=\"bt_bb_separator bt_bb_border_style_none bt_bb_bottom_spacing_small\" data-bt-override-class=\"null\"><\/div><\/div><\/div><div class=\"bt_bb_accordion_item\"><div class=\"bt_bb_accordion_item_title\">\u00d6FFENTLICHE AUSSCHREIBUNGEN UND \u00d6FFENTLICHE AUFTR\u00c4GE<\/div><div class=\"bt_bb_accordion_item_content\"><div  class=\"bt_bb_text\" ><ul style=\"list-style-type: circle;\">\n<li>Erstellung von Ausschreibungsunterlagen;<\/li>\n<li>Erstellung von Bewerbungsunterlagen;<\/li>\n<li>Beratung in Bezug auf das \u00f6ffentliche Auftragswesen.<\/li>\n<\/ul>\n<div id=\"simple-translate\" class=\"simple-translate-system-theme\">\n<div>\n<div class=\"simple-translate-button isShow\" style=\"background-image: url('chrome-extension:\/\/ibplnjkanclpjokhdolnendpplpjiace\/icons\/512.png'); height: 22px; width: 22px; top: 102px; left: 457px;\"><\/div>\n<div class=\"simple-translate-panel \" style=\"width: 300px; height: 200px; top: 0px; left: 0px; font-size: 13px;\">\n<div class=\"simple-translate-result-wrapper\" style=\"overflow: hidden;\">\n<div class=\"simple-translate-move\" draggable=\"true\"><\/div>\n<div class=\"simple-translate-result-contents\">\n<p class=\"simple-translate-candidate\" dir=\"auto\">\n<\/div>\n<\/div>\n<\/div>\n<\/div>\n<\/div>\n<\/div><div class=\"bt_bb_separator bt_bb_border_style_none bt_bb_bottom_spacing_small\" data-bt-override-class=\"null\"><\/div><\/div><\/div><div class=\"bt_bb_accordion_item\"><div class=\"bt_bb_accordion_item_title\">RECHT DER EUROP\u00c4ISCHEN UNION<\/div><div class=\"bt_bb_accordion_item_content\"><div  class=\"bt_bb_text\" ><ul style=\"list-style-type: circle;\">\n<li>Beschaffung von Zusch\u00fcssen aus den EU-Fonds;<\/li>\n<li>Vorbereitung der Antragsunterlagen;<\/li>\n<li>Beratung \u00fcber die Verfahren vor den europ\u00e4ischen Regulierungsbeh\u00f6rden;<\/li>\n<li>Beratung \u00fcber die Verfahren vor dem Europ\u00e4ischen Gerichtshof f\u00fcr Menschenrechte.<\/li>\n<\/ul>\n<div id=\"simple-translate\" class=\"simple-translate-system-theme\">\n<div>\n<div class=\"simple-translate-button isShow\" style=\"background-image: url('chrome-extension:\/\/ibplnjkanclpjokhdolnendpplpjiace\/icons\/512.png'); height: 22px; width: 22px; top: 160px; left: 625px;\"><\/div>\n<div class=\"simple-translate-panel \" style=\"width: 300px; height: 200px; top: 0px; left: 0px; font-size: 13px;\">\n<div class=\"simple-translate-result-wrapper\" style=\"overflow: hidden;\">\n<div class=\"simple-translate-move\" draggable=\"true\"><\/div>\n<div class=\"simple-translate-result-contents\">\n<p class=\"simple-translate-candidate\" dir=\"auto\">\n<\/div>\n<\/div>\n<\/div>\n<\/div>\n<\/div>\n<\/div><div class=\"bt_bb_separator bt_bb_border_style_none bt_bb_bottom_spacing_small\" data-bt-override-class=\"null\"><\/div><\/div><\/div><div class=\"bt_bb_accordion_item\"><div class=\"bt_bb_accordion_item_title\">INTERNATIONALES WIRTSCHAFTSRECHT<\/div><div class=\"bt_bb_accordion_item_content\"><div  class=\"bt_bb_text\" ><ul style=\"list-style-type: circle;\">\n<li>Beratung f\u00fcr ausl\u00e4ndische nat\u00fcrliche und juristische Personen beim Eintritt in den Slowenischen Markt;<\/li>\n<li>Beratung f\u00fcr slowenische juristische und nat\u00fcrliche Personen bei Gesch\u00e4ften im Ausland.<\/li>\n<\/ul>\n<div id=\"simple-translate\" class=\"simple-translate-system-theme\">\n<div>\n<div class=\"simple-translate-button isShow\" style=\"background-image: url('chrome-extension:\/\/ibplnjkanclpjokhdolnendpplpjiace\/icons\/512.png'); height: 22px; width: 22px; top: 89px; left: 685px;\"><\/div>\n<div class=\"simple-translate-panel \" style=\"width: 300px; height: 200px; top: 0px; left: 0px; font-size: 13px;\">\n<div class=\"simple-translate-result-wrapper\" style=\"overflow: hidden;\">\n<div class=\"simple-translate-move\" draggable=\"true\"><\/div>\n<div class=\"simple-translate-result-contents\">\n<p class=\"simple-translate-candidate\" dir=\"auto\">\n<\/div>\n<\/div>\n<\/div>\n<\/div>\n<\/div>\n<\/div><div class=\"bt_bb_separator bt_bb_border_style_none bt_bb_bottom_spacing_small\" data-bt-override-class=\"null\"><\/div><\/div><\/div><\/div><\/div><\/div><\/div><\/div><\/div><\/div><!-- cell_inner --><\/div><!-- cell --><\/div><!-- port --><\/section>","protected":false},"excerpt":{"rendered":"","protected":false},"author":1,"featured_media":0,"parent":0,"menu_order":0,"comment_status":"closed","ping_status":"closed","template":"","meta":{"footnotes":""},"class_list":["post-3687","page","type-page","status-publish","hentry"],"_links":{"self":[{"href":"https:\/\/maius.si\/de\/wp-json\/wp\/v2\/pages\/3687"}],"collection":[{"href":"https:\/\/maius.si\/de\/wp-json\/wp\/v2\/pages"}],"about":[{"href":"https:\/\/maius.si\/de\/wp-json\/wp\/v2\/types\/page"}],"author":[{"embeddable":true,"href":"https:\/\/maius.si\/de\/wp-json\/wp\/v2\/users\/1"}],"replies":[{"embeddable":true,"href":"https:\/\/maius.si\/de\/wp-json\/wp\/v2\/comments?post=3687"}],"version-history":[{"count":7,"href":"https:\/\/maius.si\/de\/wp-json\/wp\/v2\/pages\/3687\/revisions"}],"predecessor-version":[{"id":4287,"href":"https:\/\/maius.si\/de\/wp-json\/wp\/v2\/pages\/3687\/revisions\/4287"}],"wp:attachment":[{"href":"https:\/\/maius.si\/de\/wp-json\/wp\/v2\/media?parent=3687"}],"curies":[{"name":"wp","href":"https:\/\/api.w.org\/{rel}","templated":true}]}}