{"id":3692,"date":"2024-05-12T12:29:27","date_gmt":"2024-05-12T11:29:27","guid":{"rendered":"http:\/\/maius.si\/de\/?page_id=3692"},"modified":"2024-06-19T18:43:59","modified_gmt":"2024-06-19T17:43:59","slug":"posebna-podrocja-dela","status":"publish","type":"page","link":"https:\/\/maius.si\/de\/posebna-podrocja-dela\/","title":{"rendered":"Posebna podro\u010dja dela"},"content":{"rendered":"<section data-bb-version=\"4.9.1\" id=\"bt_bb_section69e1c92100840\" class=\"bt_bb_section bt_bb_color_scheme_10 bt_bb_layout_boxed_1200 bt_bb_vertical_align_top bt_bb_top_spacing_large bt_bb_bottom_spacing_large\" style=\"; --section-primary-color:#ffffff; --section-secondary-color:#1a243f;;background-color:#0f1625;\" data-bt-override-class=\"{&quot;bt_bb_top_spacing_&quot;:{&quot;current_class&quot;:&quot;bt_bb_top_spacing_large&quot;,&quot;xxl&quot;:&quot;large&quot;},&quot;bt_bb_bottom_spacing_&quot;:{&quot;current_class&quot;:&quot;bt_bb_bottom_spacing_large&quot;,&quot;xxl&quot;:&quot;large&quot;}}\"><div class=\"bt_bb_port\"><div class=\"bt_bb_cell\"><div class=\"bt_bb_cell_inner\"><div class=\"bt_bb_row \"  data-bt-override-class=\"{}\"><div class=\"bt_bb_row_holder\" ><div  class=\"bt_bb_column col-xl-3 bt_bb_align_left bt_bb_padding_normal\"  data-width=\"3\" data-bt-override-class=\"{}\"><div class=\"bt_bb_column_content bt_bb_vertical_align_top bt_bb_color_scheme_\"><div class=\"bt_bb_column_content_inner\"><\/div><\/div><\/div><div  class=\"bt_bb_column col-xl-6 bt_bb_align_center bt_bb_padding_50 bt_bb_animation_fade_in animate\"  data-width=\"6\" data-bt-override-class=\"{}\"><div class=\"bt_bb_column_content bt_bb_vertical_align_middle bt_bb_color_scheme_\"><div class=\"bt_bb_column_content_inner\"><div class=\"bt_bb_separator bt_bb_border_style_none bt_bb_bottom_spacing_medium bt_bb_hidden_xs bt_bb_hidden_ms bt_bb_hidden_sm\" data-bt-override-class=\"null\"><\/div><header data-bb-version=\"5.0.0\" class=\"bt_bb_headline bt_bb_color_scheme_6 bt_bb_dash_none bt_bb_size_extralarge bt_bb_align_inherit\" style=\"; --primary-color:#ffffff; --secondary-color:#B07C4B;\" data-bt-override-class=\"{&quot;bt_bb_size_&quot;:{&quot;current_class&quot;:&quot;bt_bb_size_extralarge&quot;,&quot;xxl&quot;:&quot;extralarge&quot;},&quot;bt_bb_align_&quot;:{&quot;current_class&quot;:&quot;bt_bb_align_inherit&quot;,&quot;xxl&quot;:&quot;inherit&quot;}}\"><h2 class=\"bt_bb_headline_tag\"><span class=\"bt_bb_headline_content\"><span>Fachkenntnisse in den folgenden Bereichen<\/span><\/span><\/h2><\/header><div data-bb-version=\"4.9.1\" class=\"bt_bb_separator bt_bb_border_style_none bt_bb_top_spacing_none bt_bb_bottom_spacing_small bt_bb_hidden_xs bt_bb_hidden_ms bt_bb_hidden_sm\" data-bt-override-class=\"{&quot;bt_bb_top_spacing_&quot;:{&quot;current_class&quot;:&quot;bt_bb_top_spacing_none&quot;,&quot;xxl&quot;:&quot;none&quot;},&quot;bt_bb_bottom_spacing_&quot;:{&quot;current_class&quot;:&quot;bt_bb_bottom_spacing_small&quot;,&quot;xxl&quot;:&quot;small&quot;}}\"><\/div><\/div><\/div><\/div><div  class=\"bt_bb_column col-xl-3 bt_bb_align_left bt_bb_padding_normal\"  data-width=\"3\" data-bt-override-class=\"{}\"><div class=\"bt_bb_column_content bt_bb_vertical_align_top bt_bb_color_scheme_\"><div class=\"bt_bb_column_content_inner\"><\/div><\/div><\/div><\/div><\/div><\/div><!-- cell_inner --><\/div><!-- cell --><\/div><!-- port --><\/section><section id=\"bt_bb_section69e1c921011e5\" class=\"bt_bb_section bt_bb_layout_boxed_1200 bt_bb_vertical_align_top bt_bb_top_spacing_medium bt_bb_bottom_spacing_large\"  data-bt-override-class=\"null\"><div class=\"bt_bb_port\"><div class=\"bt_bb_cell\"><div class=\"bt_bb_cell_inner\"><div class=\"bt_bb_row \"  data-bt-override-class=\"{}\"><div class=\"bt_bb_row_holder\" ><div  class=\"bt_bb_column col-xl-12 bt_bb_align_left bt_bb_padding_normal bt_bb_animation_fade_in animate\"  data-width=\"12\" data-bt-override-class=\"{}\"><div class=\"bt_bb_column_content bt_bb_vertical_align_top bt_bb_color_scheme_\"><div class=\"bt_bb_column_content_inner\"><header data-bb-version=\"5.0.0\" class=\"bt_bb_headline bt_bb_color_scheme_14 bt_bb_dash_none bt_bb_size_medium bt_bb_align_inherit\" style=\"; --primary-color:#1a243f; --secondary-color:#B07C4B;\" data-bt-override-class=\"{&quot;bt_bb_size_&quot;:{&quot;current_class&quot;:&quot;bt_bb_size_medium&quot;,&quot;xxl&quot;:&quot;medium&quot;},&quot;bt_bb_align_&quot;:{&quot;current_class&quot;:&quot;bt_bb_align_inherit&quot;,&quot;xxl&quot;:&quot;inherit&quot;}}\"><h3 class=\"bt_bb_headline_tag\"><span class=\"bt_bb_headline_content\"><span><strong>FACHGEBIETE<\/strong><\/span><\/span><\/h3><\/header><div class=\"bt_bb_separator bt_bb_border_style_none bt_bb_bottom_spacing_medium\" data-bt-override-class=\"null\"><\/div><div class=\"bt_bb_accordion bt_bb_color_scheme_14 bt_bb_style_filled bt_bb_shape_square\" style=\"; --accordion-primary-color:#1a243f; --accordion-secondary-color:#B07C4B;\" data-closed=closed><div class=\"bt_bb_accordion_item\"><div class=\"bt_bb_accordion_item_title\">VERWALTUNG<\/div><div class=\"bt_bb_accordion_item_content\"><div  class=\"bt_bb_text\" ><p><strong>a. Verwaltung von juristischen Personen<\/strong><\/p>\n<ul style=\"list-style-type: circle;\">\n<li>\u00dcbernahme der Verwaltung von juristischen Personen<\/li>\n<li>Beratung f\u00fcr juristische Personen bez\u00fcglich Verwaltung<\/li>\n<li>Hilfe bei individuellen Aktivit\u00e4ten der Verwaltung von juristischen Personen<\/li>\n<\/ul>\n<p><strong>b. Projektmanagement<\/strong><\/p>\n<ul style=\"list-style-type: circle;\">\n<li>\u00dcbernahme des Leitens von individuellen Projekten von juristischen Personen<br \/>\nBeratung und Hilfe f\u00fcr juristische Personen bez\u00fcglich Leitung von individuellen Projekten<\/li>\n<\/ul>\n<p><strong>c. Hilfe bei Verwaltung von Unternehmen<\/strong><\/p>\n<ul style=\"list-style-type: circle;\">\n<li>Suche nach potenziellen Gesch\u00e4ftspartnern der Unternehmen<\/li>\n<li>Hilfe beim Eintritt in den Markt<\/li>\n<li>Suche nach Gesch\u00e4ftsgelegenheiten f\u00fcr Unternehmen<\/li>\n<\/ul>\n<p><strong>d. \u00dcbernahme von Unternehmen<\/strong><\/p>\n<ul style=\"list-style-type: circle;\">\n<li>Beratung beim Verkauf von Unternehmen<\/li>\n<li>Beratung bei der \u00dcbernahme von Unternehmen<\/li>\n<li>Sorgf\u00e4ltige \u00dcberpr\u00fcfung von Unternehmen (due Diligence)<\/li>\n<li>Finanzberatung bez\u00fcglich \u00dcbernahme von Unternehmen<\/li>\n<li>Regelung der Finanzierung f\u00fcr die \u00dcbernahme von Unternehmen<\/li>\n<\/ul>\n<div id=\"simple-translate\" class=\"simple-translate-system-theme\">\n<div>\n<div class=\"simple-translate-button isShow\" style=\"background-image: url('chrome-extension:\/\/ibplnjkanclpjokhdolnendpplpjiace\/icons\/512.png'); height: 22px; width: 22px; top: 248px; left: 481px;\"><\/div>\n<div class=\"simple-translate-panel \" style=\"width: 300px; height: 200px; top: 0px; left: 0px; font-size: 13px;\">\n<div class=\"simple-translate-result-wrapper\" style=\"overflow: hidden;\">\n<div class=\"simple-translate-move\" draggable=\"true\"><\/div>\n<div class=\"simple-translate-result-contents\">\n<p class=\"simple-translate-result\" dir=\"auto\">\n<p class=\"simple-translate-candidate\" dir=\"auto\">\n<\/div>\n<\/div>\n<\/div>\n<\/div>\n<\/div>\n<\/div><div class=\"bt_bb_separator bt_bb_border_style_none bt_bb_bottom_spacing_small\" data-bt-override-class=\"null\"><\/div><\/div><\/div><div class=\"bt_bb_accordion_item\"><div class=\"bt_bb_accordion_item_title\">BERATUNG F\u00dcR JURISTISCHE PERSONEN IN FINANZIELLEN SCHWIERIGKEITEN<\/div><div class=\"bt_bb_accordion_item_content\"><div  class=\"bt_bb_text\" ><p><strong>a. Krisenbew\u00e4ltigung<\/strong><\/p>\n<ul style=\"list-style-type: circle;\">\n<li>Finanzberatung f\u00fcr Unternehmen in finanziellen Schwierigkeiten<\/li>\n<li>Hilfe bei der Verwaltung von Unternehmen in finanziellen Schwierigkeiten<\/li>\n<li>Verwalten der finanziellen Umstrukturierung von Unternehmen<\/li>\n<\/ul>\n<p><strong>b. Beratung von Unternehmen \u00fcber die Einleitung von Zwangsvergleichsverfahren<\/strong><br \/>\n<strong>c. Beratung von Unternehmen \u00fcber die Einleitung des Konkursverfahrens<\/strong><br \/>\n<strong>d. Analyse der Auswirkungen der Einleitung eines Insolvenzverfahrens gegen eine juristische Person auf die Verwaltung des Unternehmens<\/strong><\/p>\n<\/div><div class=\"bt_bb_separator bt_bb_border_style_none bt_bb_bottom_spacing_small\" data-bt-override-class=\"null\"><\/div><\/div><\/div><div class=\"bt_bb_accordion_item\"><div class=\"bt_bb_accordion_item_title\">ENTWICKLUNG VON IMMOBILIENPROJEKTEN<\/div><div class=\"bt_bb_accordion_item_content\"><div  class=\"bt_bb_text\" ><p><strong>a. Immobilienprojekte<\/strong><\/p>\n<ul style=\"list-style-type: circle;\">\n<li>Konzept des Projekts und Pr\u00e4sentation der L\u00f6sungen<\/li>\n<li>Erstellung einer Kostensch\u00e4tzung<\/li>\n<li>Erstellung eines Terminplans<\/li>\n<li>Erstellung einer Verkaufssch\u00e4tzung<\/li>\n<li>Regelung der Finanzierung<\/li>\n<li>Investitionsengineering und Leiten von Immobilienprojekten<\/li>\n<\/ul>\n<p><strong>\u00a0<\/strong><\/p>\n<p>&nbsp;<\/p>\n<div id=\"simple-translate\" class=\"simple-translate-system-theme\">\n<div>\n<div class=\"simple-translate-button isShow\" style=\"background-image: url('chrome-extension:\/\/ibplnjkanclpjokhdolnendpplpjiace\/icons\/512.png'); height: 22px; width: 22px; top: 232px; left: 460px;\"><\/div>\n<div class=\"simple-translate-panel \" style=\"width: 300px; height: 200px; top: 0px; left: 0px; font-size: 13px;\">\n<div class=\"simple-translate-result-wrapper\" style=\"overflow: hidden;\">\n<div class=\"simple-translate-move\" draggable=\"true\"><\/div>\n<div class=\"simple-translate-result-contents\">\n<p class=\"simple-translate-result\" dir=\"auto\">\n<p class=\"simple-translate-candidate\" dir=\"auto\">\n<\/div>\n<\/div>\n<\/div>\n<\/div>\n<\/div>\n<\/div><div class=\"bt_bb_separator bt_bb_border_style_none bt_bb_bottom_spacing_small\" data-bt-override-class=\"null\"><\/div><\/div><\/div><div class=\"bt_bb_accordion_item\"><div class=\"bt_bb_accordion_item_title\">AUSLAND<\/div><div class=\"bt_bb_accordion_item_content\"><div  class=\"bt_bb_text\" ><p><strong>a. rechtliche und unternehmerische Beratung f\u00fcr ausl\u00e4ndische Kunden<\/strong><\/p>\n<ul style=\"list-style-type: circle;\">\n<li>Er\u00f6ffnen von Filialen von ausl\u00e4ndischen Unternehmen in Republik Slowenien<\/li>\n<li>Leiten von Filialen von ausl\u00e4ndischen Unternehmen in Republik Slowenien<\/li>\n<li>Regeln von rechtlichen und unternehmerischen Angelegenheiten der Filialen von ausl\u00e4ndischen Unternehmen in Republik Slowenien<\/li>\n<li>Suche nach Gesch\u00e4ftspartnern f\u00fcr Filialen von ausl\u00e4ndischen Unternehmen in Republik Slowenien<\/li>\n<\/ul>\n<p><strong>b. rechtliche und unternehmerische Beratung f\u00fcr slowenische juristische und nat\u00fcrliche Personen bei Gesch\u00e4ften im Ausland<\/strong><\/p>\n<ul style=\"list-style-type: circle;\">\n<li>Hilfe beim Eintritt von slowenischen Unternehmen in ausl\u00e4ndische M\u00e4rkte<\/li>\n<li>Hilfe beim \u00d6ffnen von slowenischen Unternehmen im Ausland<\/li>\n<li>Hilfe beim Leiten von Filialen von slowenischen Unternehmen im Ausland<\/li>\n<li>Hilfe beim Regeln von rechtlichen und unternehmerischen Angelegenheiten der Filialen von \u00a0slowenischen Unternehmen im Ausland<\/li>\n<li>Suche nach Gesch\u00e4ftspartnern von slowenischen Unternehmen im Ausland<\/li>\n<\/ul>\n<div id=\"simple-translate\" class=\"simple-translate-system-theme\">\n<div>\n<div class=\"simple-translate-button isShow\" style=\"background-image: url('chrome-extension:\/\/ibplnjkanclpjokhdolnendpplpjiace\/icons\/512.png'); height: 22px; width: 22px; top: 61px; left: 4px;\"><\/div>\n<div class=\"simple-translate-panel \" style=\"width: 300px; height: 200px; top: 0px; left: 0px; font-size: 13px;\">\n<div class=\"simple-translate-result-wrapper\" style=\"overflow: hidden;\">\n<div class=\"simple-translate-move\" draggable=\"true\"><\/div>\n<div class=\"simple-translate-result-contents\">\n<p class=\"simple-translate-result\" dir=\"auto\">\n<p class=\"simple-translate-candidate\" dir=\"auto\">\n<\/div>\n<\/div>\n<\/div>\n<\/div>\n<\/div>\n<\/div><div class=\"bt_bb_separator bt_bb_border_style_none bt_bb_bottom_spacing_small\" data-bt-override-class=\"null\"><\/div><\/div><\/div><div class=\"bt_bb_accordion_item\"><div class=\"bt_bb_accordion_item_title\">VERMITTLUNG<\/div><div class=\"bt_bb_accordion_item_content\"><div  class=\"bt_bb_text\" ><p><strong>Das Unternehmen Maius d.o.o. vermittelt und ber\u00e4t juristische und nat\u00fcrliche Personen bei Schlie\u00dfung von Gesch\u00e4ften, bei der Suche nach Gesch\u00e4ftspartnern, bei Vertragsverhandlungen und beim Schlie\u00dfen von Vertr\u00e4gen in den folgenden Sprachen:<\/strong><\/p>\n<ul style=\"list-style-type: circle;\">\n<li>Englisch<\/li>\n<li>Deutsch<\/li>\n<li>Spanisch<\/li>\n<li>Portugiesisch<\/li>\n<li>Franz\u00f6sisch<\/li>\n<li>Italienisch<\/li>\n<li>Kroatisch \/ Serbisch<\/li>\n<li>Russisch<\/li>\n<li>Chinesisch<\/li>\n<li>Japanisch<\/li>\n<\/ul>\n<div id=\"simple-translate\" class=\"simple-translate-system-theme\">\n<div>\n<div class=\"simple-translate-button isShow\" style=\"background-image: url('chrome-extension:\/\/ibplnjkanclpjokhdolnendpplpjiace\/icons\/512.png'); height: 22px; width: 22px; top: 71px; left: 22px;\"><\/div>\n<div class=\"simple-translate-panel \" style=\"width: 300px; height: 200px; top: 0px; left: 0px; font-size: 13px;\">\n<div class=\"simple-translate-result-wrapper\" style=\"overflow: hidden;\">\n<div class=\"simple-translate-move\" draggable=\"true\"><\/div>\n<div class=\"simple-translate-result-contents\">\n<p class=\"simple-translate-result\" dir=\"auto\">\n<p class=\"simple-translate-candidate\" dir=\"auto\">\n<\/div>\n<\/div>\n<\/div>\n<\/div>\n<\/div>\n<\/div><div class=\"bt_bb_separator bt_bb_border_style_none bt_bb_bottom_spacing_small\" data-bt-override-class=\"null\"><\/div><\/div><\/div><\/div><\/div><\/div><\/div><\/div><\/div><\/div><!-- cell_inner --><\/div><!-- cell --><\/div><!-- port --><\/section>","protected":false},"excerpt":{"rendered":"","protected":false},"author":1,"featured_media":0,"parent":0,"menu_order":0,"comment_status":"closed","ping_status":"closed","template":"","meta":{"footnotes":""},"class_list":["post-3692","page","type-page","status-publish","hentry"],"_links":{"self":[{"href":"https:\/\/maius.si\/de\/wp-json\/wp\/v2\/pages\/3692"}],"collection":[{"href":"https:\/\/maius.si\/de\/wp-json\/wp\/v2\/pages"}],"about":[{"href":"https:\/\/maius.si\/de\/wp-json\/wp\/v2\/types\/page"}],"author":[{"embeddable":true,"href":"https:\/\/maius.si\/de\/wp-json\/wp\/v2\/users\/1"}],"replies":[{"embeddable":true,"href":"https:\/\/maius.si\/de\/wp-json\/wp\/v2\/comments?post=3692"}],"version-history":[{"count":5,"href":"https:\/\/maius.si\/de\/wp-json\/wp\/v2\/pages\/3692\/revisions"}],"predecessor-version":[{"id":4270,"href":"https:\/\/maius.si\/de\/wp-json\/wp\/v2\/pages\/3692\/revisions\/4270"}],"wp:attachment":[{"href":"https:\/\/maius.si\/de\/wp-json\/wp\/v2\/media?parent=3692"}],"curies":[{"name":"wp","href":"https:\/\/api.w.org\/{rel}","templated":true}]}}