{"id":3739,"date":"2024-05-15T17:46:26","date_gmt":"2024-05-15T16:46:26","guid":{"rendered":"http:\/\/maius.si\/de\/?page_id=3739"},"modified":"2024-06-01T11:11:49","modified_gmt":"2024-06-01T10:11:49","slug":"piskotki","status":"publish","type":"page","link":"https:\/\/maius.si\/de\/piskotki\/","title":{"rendered":"Pi\u0161kotki"},"content":{"rendered":"<section data-bb-version=\"4.9.1\" id=\"bt_bb_section69e1c9ed6c456\" class=\"bt_bb_section bt_bb_color_scheme_10 bt_bb_layout_boxed_1200 bt_bb_vertical_align_top bt_bb_top_spacing_large bt_bb_bottom_spacing_large\" style=\"; --section-primary-color:#ffffff; --section-secondary-color:#1a243f;;background-color:#0f1625;\" data-bt-override-class=\"{&quot;bt_bb_top_spacing_&quot;:{&quot;current_class&quot;:&quot;bt_bb_top_spacing_large&quot;,&quot;xxl&quot;:&quot;large&quot;},&quot;bt_bb_bottom_spacing_&quot;:{&quot;current_class&quot;:&quot;bt_bb_bottom_spacing_large&quot;,&quot;xxl&quot;:&quot;large&quot;}}\"><div class=\"bt_bb_port\"><div class=\"bt_bb_cell\"><div class=\"bt_bb_cell_inner\"><div class=\"bt_bb_row \"  data-bt-override-class=\"{}\"><div class=\"bt_bb_row_holder\" ><div  class=\"bt_bb_column col-xl-3 bt_bb_align_left bt_bb_padding_normal\"  data-width=\"3\" data-bt-override-class=\"{}\"><div class=\"bt_bb_column_content bt_bb_vertical_align_top bt_bb_color_scheme_\"><div class=\"bt_bb_column_content_inner\"><\/div><\/div><\/div><div  class=\"bt_bb_column col-xl-6 bt_bb_align_center bt_bb_padding_50 bt_bb_animation_fade_in animate\"  data-width=\"6\" data-bt-override-class=\"{}\"><div class=\"bt_bb_column_content bt_bb_vertical_align_middle bt_bb_color_scheme_\"><div class=\"bt_bb_column_content_inner\"><div class=\"bt_bb_separator bt_bb_border_style_none bt_bb_bottom_spacing_medium bt_bb_hidden_xs bt_bb_hidden_ms bt_bb_hidden_sm\" data-bt-override-class=\"null\"><\/div><header data-bb-version=\"4.9.1\" class=\"bt_bb_headline bt_bb_subheadline_text_transform_default bt_bb_color_scheme_6 bt_bb_dash_none bt_bb_size_extralarge bt_bb_align_inherit\" style=\"; --primary-color:#ffffff; --secondary-color:#B07C4B;\" data-bt-override-class=\"{&quot;bt_bb_size_&quot;:{&quot;current_class&quot;:&quot;bt_bb_size_extralarge&quot;,&quot;xxl&quot;:&quot;extralarge&quot;},&quot;bt_bb_align_&quot;:{&quot;current_class&quot;:&quot;bt_bb_align_inherit&quot;,&quot;xxl&quot;:&quot;inherit&quot;}}\"><h2 class=\"bt_bb_headline_tag\"><span class=\"bt_bb_headline_content\"><span>Uporaba pi\u0161kotkov<\/span><\/span><\/h2><\/header><div data-bb-version=\"4.9.1\" class=\"bt_bb_separator bt_bb_border_style_none bt_bb_top_spacing_none bt_bb_bottom_spacing_small bt_bb_hidden_xs bt_bb_hidden_ms bt_bb_hidden_sm\" data-bt-override-class=\"{&quot;bt_bb_top_spacing_&quot;:{&quot;current_class&quot;:&quot;bt_bb_top_spacing_none&quot;,&quot;xxl&quot;:&quot;none&quot;},&quot;bt_bb_bottom_spacing_&quot;:{&quot;current_class&quot;:&quot;bt_bb_bottom_spacing_small&quot;,&quot;xxl&quot;:&quot;small&quot;}}\"><\/div><\/div><\/div><\/div><div  class=\"bt_bb_column col-xl-3 bt_bb_align_left bt_bb_padding_normal\"  data-width=\"3\" data-bt-override-class=\"{}\"><div class=\"bt_bb_column_content bt_bb_vertical_align_top bt_bb_color_scheme_\"><div class=\"bt_bb_column_content_inner\"><\/div><\/div><\/div><\/div><\/div><\/div><!-- cell_inner --><\/div><!-- cell --><\/div><!-- port --><\/section><section data-bb-version=\"4.9.1\" id=\"bt_bb_section69e1c9ed6ca87\" class=\"bt_bb_section bt_bb_layout_boxed_1200\"  data-bt-override-class=\"null\"><div class=\"bt_bb_port\"><div class=\"bt_bb_cell\"><div class=\"bt_bb_cell_inner\"><div class=\"bt_bb_row \"  data-bt-override-class=\"{}\"><div class=\"bt_bb_row_holder\" ><div data-bb-version=\"4.9.1\"  class=\"bt_bb_column col-xl-12 col-xs-12 col-sm-12 col-md-12 col-lg-12 bt_bb_align_left bt_bb_padding_normal\"  data-width=\"12\" data-bt-override-class=\"{}\"><div class=\"bt_bb_column_content bt_bb_vertical_align_top bt_bb_color_scheme_\"><div class=\"bt_bb_column_content_inner\"><div data-bb-version=\"4.9.1\" class=\"bt_bb_separator bt_bb_border_style_none bt_bb_top_spacing_none bt_bb_bottom_spacing_medium\" data-bt-override-class=\"{&quot;bt_bb_top_spacing_&quot;:{&quot;current_class&quot;:&quot;bt_bb_top_spacing_none&quot;,&quot;xxl&quot;:&quot;none&quot;},&quot;bt_bb_bottom_spacing_&quot;:{&quot;current_class&quot;:&quot;bt_bb_bottom_spacing_medium&quot;,&quot;xxl&quot;:&quot;medium&quot;}}\"><\/div><div data-bb-version=\"4.9.1\"  class=\"bt_bb_text\" ><p><strong>INFORMACIJE O UPORABI PI\u0160KOTKOV<\/strong><\/p>\n<p><span style=\"color: #000000;\">V nadaljevanju podajamo informacije o pi\u0161kotkih, ki so name\u0161\u010deni na spletnem mestu https:\/\/www.maius.si (v nadaljevanju: \u00bbspletna stran\u00ab).<\/span><\/p>\n<p><strong><span style=\"color: #000000;\">1. KAJ SO PI\u0160KOTKI?<\/span><\/strong><\/p>\n<p style=\"text-align: justify;\"><span style=\"color: #000000;\">Pi\u0161kotek je majhna podatkovna datoteka, ki je s spletnega mesta v obliki edinstvene anonimne kode poslana va\u0161emu spletnemu brskalniku. Va\u0161 spletni brskalnik omenjeno datoteko shrani na trdem disku va\u0161ega ra\u010dunalnika, pametnega telefona ali tablice.<\/span><\/p>\n<p style=\"text-align: justify;\"><span style=\"color: #000000;\">Pi\u0161kotki so temeljnega pomena za zagotavljanje uporabniku prijaznih spletnih storitev in zagotavljajo hitrej\u0161o ter enostavnej\u0161o interakcijo med spletnim uporabnikom in spletnim mestom. S pomo\u010djo pi\u0161kotkov si spletno mesto zapomni preference in izku\u0161nje posameznega uporabnika, brskanje po spletnih straneh pa je s tem bolj u\u010dinkovito in prijetno.<\/span><\/p>\n<p><span style=\"color: #000000;\">Pi\u0161kotki so lahko shranjeni v napravi trajno oziroma za dalj\u0161e \u010dasovno obdobje (stalni pi\u0161kotki) ali se izbri\u0161ejo ob zaprtju brskalnika oziroma po poteku dolo\u010denega \u010dasa (sejni pi\u0161kotki).<\/span><\/p>\n<p><span style=\"color: #000000;\">Shranjevanje pi\u0161kotkov je pod popolnim nadzorom spletnega brskalnika uporabnika, zaradi \u010desar lahko uporabnik shranjevanje pi\u0161kotkov omeji oziroma onemogo\u010di.<\/span><\/p>\n<p><span style=\"color: #000000;\">Ob omejitvi oziroma onemogo\u010denju shranjevanja pi\u0161kotkov obstaja mo\u017enost, da \u0161tevilne funkcije spletnih strani ne bodo delovale pravilno.<\/span><\/p>\n<p><strong><span style=\"color: #000000;\">3. VRSTE PI\u0160KOTKOV NA SPLETNI STRANI<\/span><\/strong><\/p>\n<ul>\n<li><span style=\"color: #000000;\">FUNKCIONALNI PI\u0160KOTKI<\/span><\/li>\n<\/ul>\n<p><span style=\"color: #000000;\">Funkcionalni pi\u0161kotki pomagajo pri navigaciji na spletnem mestu ter podpirajo varnost in funkcionalnost spletnega mesta. Funkcionalni pi\u0161kotki so nujno potrebni za pravilno delovanje spletnega mesta.<\/span><\/p>\n<ul>\n<li><span style=\"color: #000000;\">ANALITI\u010cNI PI\u0160KOTKI<\/span><\/li>\n<\/ul>\n<p style=\"text-align: justify;\"><span style=\"color: #000000;\">Analiti\u010dni pi\u0161kotki se uporabljajo za izvajanje stati\u010dnih analiz o na\u010dinu uporabe in navigaciji po spletnem mestu. Analiti\u010dni pi\u0161kotki nam pomagajo razumeti katere informacije so najkoristnej\u0161e za uporabnike ter nam omogo\u010dajo izbolj\u0161anje spletnega mesta. Ti pi\u0161kotki niso nujno potrebni za delovanje spletnega mesta, vendar izbolj\u0161ujejo kakovost navigacije po spletnem mestu in splo\u0161no uporabni\u0161ko izku\u0161njo.<\/span><\/p>\n<p><span style=\"color: #000000;\">Pi\u0161kotki, ki jih uporabljamo na na\u0161i spletni strani, ne zbirajo va\u0161ih osebnih podatkov, s katerimi bi vas bilo mogo\u010de osebno prepoznati, niti navedeni pi\u0161kotki ne morejo po\u0161kodovati va\u0161e strojne opreme.<\/span><\/p>\n<p><strong><span style=\"color: #000000;\">4. PRAVNA<\/span><span style=\"color: #000000;\"> PODLAGA ZA UPORABO PI\u0160KOTKOV<\/span><\/strong><\/p>\n<p style=\"text-align: justify;\"><span style=\"color: #000000;\">Ob dostopanju do spletne strani se na strani prika\u017ee kratko obvestilo o pi\u0161kotkih. Z zaprtjem obvestila, nadaljnjo navigacijo po spletni strani, obiskom drugih strani ali izbiro elementa (npr. slike ali povezave) na isti strani, izrecno sogla\u0161ate z uporabo pi\u0161kotkov.<\/span><\/p>\n<p style=\"text-align: justify;\"><span style=\"color: #000000;\">Skladno z zakonom soglasje uporabnika ni potrebno za uporabo funkcionalnih in anonimnih analiti\u010dnih pi\u0161kotkov.<\/span><\/p>\n<p style=\"text-align: justify;\"><span style=\"color: #000000;\">Lastnik spletne strani predhodno navedene pi\u0161kotke uporablja na podlagi zakonitega interesa lastnika spletne strani za izbolj\u0161anje navigacije in uporabnosti spletne strani.<\/span><\/p>\n<p><strong><span style=\"color: #000000;\">5. UPRAVLJAVEC PODATKOV<\/span><\/strong><\/p>\n<p><span style=\"color: #000000;\">Upravljavec podatkov je dru\u017eba Maius d.o.o., Ljubljanska cesta 13\/d, 1236 Trzin.<\/span><\/p>\n<p><span style=\"color: #000000;\">Za kakr\u0161na koli vpra\u0161anja glede varstva zasebnosti se lahko obrnete na e-po\u0161tni naslov: <a style=\"color: #000000;\" href=\"mailto:info@maius.si\">info@maius.si<\/a>.<\/span><\/p>\n<p><strong><span style=\"color: #000000;\">6. DOSTOP DO PODATKOV, NJIHOV PRENOS IN RAZKRITJE<\/span><\/strong><\/p>\n<p><span style=\"color: #000000;\">Podatki, pridobljeni s pi\u0161kotki, bodo morda dostopni:<\/span><\/p>\n<ol>\n<li><span style=\"color: #000000;\">zaposlenim in neodvisnim izvajalcem upravljavca in dru\u017eb iz njegove skupine, ki delujejo kot obdelovalci podatkov in oseb, poobla\u0161\u010denih za izvajanje obdelave;<\/span><\/li>\n<li><span style=\"color: #000000;\">dobaviteljem tehni\u010dnih in organizacijskih storitev, ki delujejo kot obdelovalci podatkov.<\/span><\/li>\n<\/ol>\n<p style=\"text-align: justify;\"><span style=\"color: #000000;\">Upravljavec podatkov lahko podatke, pridobljene s pi\u0161kotki, prena\u0161a v tujino, tudi v dr\u017eave zunaj Evropske unije (EU), pri \u010demer zagotavlja ustrezno za\u0161\u010dito pridobljenih podatkov (Standardne pogodbene klavzule). Za pridobitev informacij o to\u010dni lokaciji pridobljenih podatkov se lahko uporabnik obrne na upravljavca podatkov preko e-po\u0161tnega naslova: <a style=\"color: #000000;\" href=\"mailto:info@maius.si\">info@maius.si<\/a>.<\/span><\/p>\n<p><span style=\"color: #000000;\">Upravljavec podatkov se zavezuje, da pridobljeni podatki na noben na\u010din ne bodo javno objavljeni.<\/span><\/p>\n<p><strong><span style=\"color: #000000;\">7. PRAVICE UPORABNIKOV<\/span><\/strong><\/p>\n<p><span style=\"color: #000000;\">Uporabnik ima pravico kadarkoli zahtevati in dobiti dostop do svojih osebnih podatkov ter pravico zahtevati popravek, posodobitev, preklic, anonimizacijo, prenos ali omejitev obdelave svojih osebnih podatkov. Uporabnik lahko kadarkoli nasprotuje obdelavi svojih osebnih podatkov in prekli\u010de predhodno podano soglasje za obdelavo.<\/span><\/p>\n<p><span style=\"color: #000000;\">Uporabnik lahko poleg drugih sredstev za uveljavljanje svojih pravic uveljavlja svoje pravice tudi na na\u010din, da po\u0161lje elektronsko po\u0161to upravljavcu podatkov preko e-po\u0161tnega naslova: <a style=\"color: #000000;\" href=\"mailto:info@maius.si\">info@maius.si<\/a>.<\/span><\/p>\n<p><span style=\"color: #000000;\">Uporabnik lahko svojo zahtevo vselej naslovi na regulatorni organ v svoji mati\u010dni dr\u017eavi (regulatorni organ za varstvo osebnih podatkov).<\/span><span style=\"color: #000000;\">\u00a0\u00a0\u00a0\u00a0\u00a0\u00a0 <\/span><\/p>\n<p><span style=\"color: #000000;\">\u010ce onemogo\u010dite, se bodo oglasi na medmre\u017eju \u0161e vedno prikazovali, vendar le-ti ne bodo za vas zanimivi.\u00a0\u00a0\u00a0\u00a0\u00a0\u00a0\u00a0\u00a0<\/span><\/p>\n<\/div><\/div><\/div><\/div><\/div><\/div><\/div><!-- cell_inner --><\/div><!-- cell --><\/div><!-- port --><\/section>","protected":false},"excerpt":{"rendered":"","protected":false},"author":1,"featured_media":0,"parent":0,"menu_order":0,"comment_status":"closed","ping_status":"closed","template":"","meta":{"footnotes":""},"class_list":["post-3739","page","type-page","status-publish","hentry"],"_links":{"self":[{"href":"https:\/\/maius.si\/de\/wp-json\/wp\/v2\/pages\/3739"}],"collection":[{"href":"https:\/\/maius.si\/de\/wp-json\/wp\/v2\/pages"}],"about":[{"href":"https:\/\/maius.si\/de\/wp-json\/wp\/v2\/types\/page"}],"author":[{"embeddable":true,"href":"https:\/\/maius.si\/de\/wp-json\/wp\/v2\/users\/1"}],"replies":[{"embeddable":true,"href":"https:\/\/maius.si\/de\/wp-json\/wp\/v2\/comments?post=3739"}],"version-history":[{"count":0,"href":"https:\/\/maius.si\/de\/wp-json\/wp\/v2\/pages\/3739\/revisions"}],"wp:attachment":[{"href":"https:\/\/maius.si\/de\/wp-json\/wp\/v2\/media?parent=3739"}],"curies":[{"name":"wp","href":"https:\/\/api.w.org\/{rel}","templated":true}]}}